{"id":16309,"date":"2021-02-15T23:17:51","date_gmt":"2021-02-15T23:17:51","guid":{"rendered":"https:\/\/campingsingirona.com\/evaringen\/pet-friendly\/"},"modified":"2023-05-29T12:28:37","modified_gmt":"2023-05-29T12:28:37","slug":"pet-friendly","status":"publish","type":"page","link":"https:\/\/cgirona.itemvirtual.net\/nl\/ervaringen\/pet-friendly\/","title":{"rendered":"Pet Friendly"},"content":{"rendered":"\n<h2 class=\"wp-block-heading\">Een onvergetelijke ervaring<\/h2>\n\n\n\n<p>De Pet Friendly campings zullen je onvergetelijke ervaringen bezorgen samen met je trouwe viervoeter en bieden ook een exclusieve service voor onze huisdieren, zoals douches en hokken. Er zijn restaurantmenu&#8217;s voor je hond, idyllische omgevingen om te wandelen of excursies te maken midden in de natuur, door het bos en vlak bij de zee en stranden voor honden, zoals Playa de la Rubina, Playa del Mol\u00ed of Playa de Sant Jordi in Llan\u00e7\u00e0.<\/p>\n\n\n\n<h2 class=\"wp-block-heading\">Campings aan de Costa Brava waar honden worden toegelaten<\/h2>\n\n\n\n<p>Als je op zoek bent naar een Pet Friendly camping om een \u200b\u200bvakantie door te brengen in het gezelschap van je trouwe metgezel, kijk dan eens naar de Pet Friendly campings aan de Costa Brava en in de Pyrenee\u00ebn waar honden zijn toegestaan.<\/p>\n","protected":false},"excerpt":{"rendered":"<p>Een onvergetelijke ervaring De Pet Friendly campings zullen je onvergetelijke ervaringen bezorgen samen met je trouwe viervoeter en bieden ook een exclusieve service voor onze huisdieren, zoals douches en hokken. Er zijn restaurantmenu&#8217;s voor je hond, idyllische omgevingen om te wandelen of excursies te maken midden in de natuur, door het bos en vlak bij [&hellip;]<\/p>\n","protected":false},"author":1,"featured_media":15815,"parent":15899,"menu_order":0,"comment_status":"closed","ping_status":"closed","template":"template-experiencia.php","meta":{"_acf_changed":false,"footnotes":""},"class_list":["post-16309","page","type-page","status-publish","has-post-thumbnail","hentry"],"acf":[],"_links":{"self":[{"href":"https:\/\/cgirona.itemvirtual.net\/nl\/wp-json\/wp\/v2\/pages\/16309","targetHints":{"allow":["GET"]}}],"collection":[{"href":"https:\/\/cgirona.itemvirtual.net\/nl\/wp-json\/wp\/v2\/pages"}],"about":[{"href":"https:\/\/cgirona.itemvirtual.net\/nl\/wp-json\/wp\/v2\/types\/page"}],"author":[{"embeddable":true,"href":"https:\/\/cgirona.itemvirtual.net\/nl\/wp-json\/wp\/v2\/users\/1"}],"replies":[{"embeddable":true,"href":"https:\/\/cgirona.itemvirtual.net\/nl\/wp-json\/wp\/v2\/comments?post=16309"}],"version-history":[{"count":5,"href":"https:\/\/cgirona.itemvirtual.net\/nl\/wp-json\/wp\/v2\/pages\/16309\/revisions"}],"predecessor-version":[{"id":99678,"href":"https:\/\/cgirona.itemvirtual.net\/nl\/wp-json\/wp\/v2\/pages\/16309\/revisions\/99678"}],"up":[{"embeddable":true,"href":"https:\/\/cgirona.itemvirtual.net\/nl\/wp-json\/wp\/v2\/pages\/15899"}],"wp:featuredmedia":[{"embeddable":true,"href":"https:\/\/cgirona.itemvirtual.net\/nl\/wp-json\/wp\/v2\/media\/15815"}],"wp:attachment":[{"href":"https:\/\/cgirona.itemvirtual.net\/nl\/wp-json\/wp\/v2\/media?parent=16309"}],"curies":[{"name":"wp","href":"https:\/\/api.w.org\/{rel}","templated":true}]}}