{"id":16225,"date":"2021-02-15T23:14:15","date_gmt":"2021-02-15T23:14:15","guid":{"rendered":"https:\/\/campingsingirona.com\/evaringen\/wine\/"},"modified":"2023-08-01T12:17:06","modified_gmt":"2023-08-01T12:17:06","slug":"vinicultural","status":"publish","type":"page","link":"https:\/\/cgirona.itemvirtual.net\/nl\/ervaringen\/vinicultural\/","title":{"rendered":"Land of Wines"},"content":{"rendered":"\n<h2 class=\"wp-block-heading\">Een streek van wijnen en wijngaarden<\/h2>\n\n\n\n<p>L\u2019Empord\u00e0 is h\u00e9t wijnbouwgebied van de Costa Brava en een plek met buitengewoon mooie landschappen, gekenmerkt door de Tramuntana, de karakteristieke wind die hier blaast. Dankzij het Land of Wines -zegel kun je campings vinden die de wijncultuur van l\u2019Empord\u00e0 promoten door de verkoop van lokale wijnen, rondleidingen door bodega\u2019s en wijngaarden en DO Empord\u00e0-wijnproeverijen in het restaurant van de camping. En nog veel meer!<\/p>\n\n\n\n<p>Op dit moment vertegenwoordigt de DO Empord\u00e0 in totaal <strong>44 bodega\u2019s van kleine en middelgrote lokale producenten<\/strong> die wijnen produceren ge\u00efnspireerd op de charme van een uitzonderlijk gebied.&nbsp;<\/p>\n\n\n\n<p>Wat de campings betreft, vertegenwoordigt het Land of Wines -label in totaal vijf campings, waaronder C\u00e0mping Begur, gelegen in het hart van de Costa Brava en vlak bij wijnproducent Mas Oller; Camping Cadaqu\u00e9s, gelegen in een van de mooiste plaatsen aan de Costa Brava en naast Bodega Mart\u00ed Faix\u00f3, die wijngaarden heeft met een spectaculair uitzicht op de zee; Camping Port de la Selva die vlak bij het majestueuze klooster van Sant Pere de Rodes en wijnproducent Mas Estela ligt; en tot slot, Camping Jonca Mar in Roses, waar het hele jaar door lokale wijnproeverijen worden georganiseerd. Een toast met een goede DO Empord\u00e0?<\/p>\n","protected":false},"excerpt":{"rendered":"<p>Een streek van wijnen en wijngaarden L\u2019Empord\u00e0 is h\u00e9t wijnbouwgebied van de Costa Brava en een plek met buitengewoon mooie landschappen, gekenmerkt door de Tramuntana, de karakteristieke wind die hier blaast. Dankzij het Land of Wines -zegel kun je campings vinden die de wijncultuur van l\u2019Empord\u00e0 promoten door de verkoop van lokale wijnen, rondleidingen door [&hellip;]<\/p>\n","protected":false},"author":1,"featured_media":16157,"parent":15899,"menu_order":0,"comment_status":"closed","ping_status":"closed","template":"template-experiencia.php","meta":{"_acf_changed":false,"footnotes":""},"class_list":["post-16225","page","type-page","status-publish","has-post-thumbnail","hentry"],"acf":[],"_links":{"self":[{"href":"https:\/\/cgirona.itemvirtual.net\/nl\/wp-json\/wp\/v2\/pages\/16225","targetHints":{"allow":["GET"]}}],"collection":[{"href":"https:\/\/cgirona.itemvirtual.net\/nl\/wp-json\/wp\/v2\/pages"}],"about":[{"href":"https:\/\/cgirona.itemvirtual.net\/nl\/wp-json\/wp\/v2\/types\/page"}],"author":[{"embeddable":true,"href":"https:\/\/cgirona.itemvirtual.net\/nl\/wp-json\/wp\/v2\/users\/1"}],"replies":[{"embeddable":true,"href":"https:\/\/cgirona.itemvirtual.net\/nl\/wp-json\/wp\/v2\/comments?post=16225"}],"version-history":[{"count":5,"href":"https:\/\/cgirona.itemvirtual.net\/nl\/wp-json\/wp\/v2\/pages\/16225\/revisions"}],"predecessor-version":[{"id":103687,"href":"https:\/\/cgirona.itemvirtual.net\/nl\/wp-json\/wp\/v2\/pages\/16225\/revisions\/103687"}],"up":[{"embeddable":true,"href":"https:\/\/cgirona.itemvirtual.net\/nl\/wp-json\/wp\/v2\/pages\/15899"}],"wp:featuredmedia":[{"embeddable":true,"href":"https:\/\/cgirona.itemvirtual.net\/nl\/wp-json\/wp\/v2\/media\/16157"}],"wp:attachment":[{"href":"https:\/\/cgirona.itemvirtual.net\/nl\/wp-json\/wp\/v2\/media?parent=16225"}],"curies":[{"name":"wp","href":"https:\/\/api.w.org\/{rel}","templated":true}]}}