{"id":16790,"date":"2021-02-18T14:43:10","date_gmt":"2021-02-18T14:43:10","guid":{"rendered":"https:\/\/campingsingirona.com\/destinos\/pets\/"},"modified":"2021-04-19T21:22:08","modified_gmt":"2021-04-19T21:22:08","slug":"animaux-compagnie","status":"publish","type":"page","link":"https:\/\/cgirona.itemvirtual.net\/fr\/points-dinteret\/animaux-compagnie\/","title":{"rendered":"Animaux de compagnie"},"content":{"rendered":"\n<p class=\"has-text-align-center\">Voyagez avec votre animal de compagnie sur la Costa Brava et les Pyr\u00e9n\u00e9es\u00a0! Nous vous invitons \u00e0 d\u00e9couvrir les plages, les excursions et les visites que vous pouvez r\u00e9aliser sans soucis avec votre chien. Notez-les toutes\u00a0!<\/p>\n","protected":false},"excerpt":{"rendered":"<p>Voyagez avec votre animal de compagnie sur la Costa Brava et les Pyr\u00e9n\u00e9es\u00a0! Nous vous invitons \u00e0 d\u00e9couvrir les plages, les excursions et les visites que vous pouvez r\u00e9aliser sans soucis avec votre chien. Notez-les toutes\u00a0!<\/p>\n","protected":false},"author":1,"featured_media":15817,"parent":15923,"menu_order":0,"comment_status":"closed","ping_status":"closed","template":"template-tipo-destino.php","meta":{"_acf_changed":false,"footnotes":""},"class_list":["post-16790","page","type-page","status-publish","has-post-thumbnail","hentry"],"acf":[],"_links":{"self":[{"href":"https:\/\/cgirona.itemvirtual.net\/fr\/wp-json\/wp\/v2\/pages\/16790","targetHints":{"allow":["GET"]}}],"collection":[{"href":"https:\/\/cgirona.itemvirtual.net\/fr\/wp-json\/wp\/v2\/pages"}],"about":[{"href":"https:\/\/cgirona.itemvirtual.net\/fr\/wp-json\/wp\/v2\/types\/page"}],"author":[{"embeddable":true,"href":"https:\/\/cgirona.itemvirtual.net\/fr\/wp-json\/wp\/v2\/users\/1"}],"replies":[{"embeddable":true,"href":"https:\/\/cgirona.itemvirtual.net\/fr\/wp-json\/wp\/v2\/comments?post=16790"}],"version-history":[{"count":1,"href":"https:\/\/cgirona.itemvirtual.net\/fr\/wp-json\/wp\/v2\/pages\/16790\/revisions"}],"predecessor-version":[{"id":16791,"href":"https:\/\/cgirona.itemvirtual.net\/fr\/wp-json\/wp\/v2\/pages\/16790\/revisions\/16791"}],"up":[{"embeddable":true,"href":"https:\/\/cgirona.itemvirtual.net\/fr\/wp-json\/wp\/v2\/pages\/15923"}],"wp:featuredmedia":[{"embeddable":true,"href":"https:\/\/cgirona.itemvirtual.net\/fr\/wp-json\/wp\/v2\/media\/15817"}],"wp:attachment":[{"href":"https:\/\/cgirona.itemvirtual.net\/fr\/wp-json\/wp\/v2\/media?parent=16790"}],"curies":[{"name":"wp","href":"https:\/\/api.w.org\/{rel}","templated":true}]}}