{"id":16766,"date":"2021-02-18T14:42:12","date_gmt":"2021-02-18T14:42:12","guid":{"rendered":"https:\/\/campingsingirona.com\/destinos\/natura\/"},"modified":"2021-04-27T14:35:47","modified_gmt":"2021-04-27T14:35:47","slug":"nature","status":"publish","type":"page","link":"https:\/\/cgirona.itemvirtual.net\/fr\/points-dinteret\/nature\/","title":{"rendered":"Nature"},"content":{"rendered":"\n<p class=\"has-text-align-center\">O\u00f9 que vous regardiez, vous trouverez des espaces naturels pour r\u00e9aliser des excursions et profiter de la nature. Huit Parcs naturels, une infinit\u00e9 de sentiers, de voies vertes et de chemins de ronde qui vous feront d\u00e9couvrir des paysages spectaculaires de mer, int\u00e9rieur et de montagne. Vous allez rater \u00e7a&nbsp;?<\/p>\n","protected":false},"excerpt":{"rendered":"<p>O\u00f9 que vous regardiez, vous trouverez des espaces naturels pour r\u00e9aliser des excursions et profiter de la nature. Huit Parcs naturels, une infinit\u00e9 de sentiers, de voies vertes et de chemins de ronde qui vous feront d\u00e9couvrir des paysages spectaculaires de mer, int\u00e9rieur et de montagne. Vous allez rater \u00e7a&nbsp;?<\/p>\n","protected":false},"author":1,"featured_media":15790,"parent":15923,"menu_order":0,"comment_status":"closed","ping_status":"closed","template":"template-tipo-destino.php","meta":{"_acf_changed":false,"footnotes":""},"class_list":["post-16766","page","type-page","status-publish","has-post-thumbnail","hentry"],"acf":[],"_links":{"self":[{"href":"https:\/\/cgirona.itemvirtual.net\/fr\/wp-json\/wp\/v2\/pages\/16766","targetHints":{"allow":["GET"]}}],"collection":[{"href":"https:\/\/cgirona.itemvirtual.net\/fr\/wp-json\/wp\/v2\/pages"}],"about":[{"href":"https:\/\/cgirona.itemvirtual.net\/fr\/wp-json\/wp\/v2\/types\/page"}],"author":[{"embeddable":true,"href":"https:\/\/cgirona.itemvirtual.net\/fr\/wp-json\/wp\/v2\/users\/1"}],"replies":[{"embeddable":true,"href":"https:\/\/cgirona.itemvirtual.net\/fr\/wp-json\/wp\/v2\/comments?post=16766"}],"version-history":[{"count":4,"href":"https:\/\/cgirona.itemvirtual.net\/fr\/wp-json\/wp\/v2\/pages\/16766\/revisions"}],"predecessor-version":[{"id":17249,"href":"https:\/\/cgirona.itemvirtual.net\/fr\/wp-json\/wp\/v2\/pages\/16766\/revisions\/17249"}],"up":[{"embeddable":true,"href":"https:\/\/cgirona.itemvirtual.net\/fr\/wp-json\/wp\/v2\/pages\/15923"}],"wp:featuredmedia":[{"embeddable":true,"href":"https:\/\/cgirona.itemvirtual.net\/fr\/wp-json\/wp\/v2\/media\/15790"}],"wp:attachment":[{"href":"https:\/\/cgirona.itemvirtual.net\/fr\/wp-json\/wp\/v2\/media?parent=16766"}],"curies":[{"name":"wp","href":"https:\/\/api.w.org\/{rel}","templated":true}]}}