{"id":16744,"date":"2021-02-18T14:41:19","date_gmt":"2021-02-18T14:41:19","guid":{"rendered":"https:\/\/campingsingirona.com\/destinos\/sport-abenteuer\/"},"modified":"2021-04-19T20:24:50","modified_gmt":"2021-04-19T20:24:50","slug":"sport-aventure","status":"publish","type":"page","link":"https:\/\/cgirona.itemvirtual.net\/fr\/points-dinteret\/sport-aventure\/","title":{"rendered":"Sport et aventure"},"content":{"rendered":"\n<p class=\"has-text-align-center\">Pratiquez vos sports pr\u00e9f\u00e9r\u00e9s dans des paysages de r\u00eave\u00a0! D\u00e9couvrez toutes les possibilit\u00e9s que la Costa Brava et les Pyr\u00e9n\u00e9es vous offrent pour pratiquer l\u2019activit\u00e9 physique et les sports d\u2019aventure les plus spectaculaires.<\/p>\n","protected":false},"excerpt":{"rendered":"<p>Pratiquez vos sports pr\u00e9f\u00e9r\u00e9s dans des paysages de r\u00eave\u00a0! D\u00e9couvrez toutes les possibilit\u00e9s que la Costa Brava et les Pyr\u00e9n\u00e9es vous offrent pour pratiquer l\u2019activit\u00e9 physique et les sports d\u2019aventure les plus spectaculaires.<\/p>\n","protected":false},"author":1,"featured_media":15762,"parent":15923,"menu_order":0,"comment_status":"closed","ping_status":"closed","template":"template-tipo-destino.php","meta":{"_acf_changed":false,"footnotes":""},"class_list":["post-16744","page","type-page","status-publish","has-post-thumbnail","hentry"],"acf":[],"_links":{"self":[{"href":"https:\/\/cgirona.itemvirtual.net\/fr\/wp-json\/wp\/v2\/pages\/16744","targetHints":{"allow":["GET"]}}],"collection":[{"href":"https:\/\/cgirona.itemvirtual.net\/fr\/wp-json\/wp\/v2\/pages"}],"about":[{"href":"https:\/\/cgirona.itemvirtual.net\/fr\/wp-json\/wp\/v2\/types\/page"}],"author":[{"embeddable":true,"href":"https:\/\/cgirona.itemvirtual.net\/fr\/wp-json\/wp\/v2\/users\/1"}],"replies":[{"embeddable":true,"href":"https:\/\/cgirona.itemvirtual.net\/fr\/wp-json\/wp\/v2\/comments?post=16744"}],"version-history":[{"count":1,"href":"https:\/\/cgirona.itemvirtual.net\/fr\/wp-json\/wp\/v2\/pages\/16744\/revisions"}],"predecessor-version":[{"id":16746,"href":"https:\/\/cgirona.itemvirtual.net\/fr\/wp-json\/wp\/v2\/pages\/16744\/revisions\/16746"}],"up":[{"embeddable":true,"href":"https:\/\/cgirona.itemvirtual.net\/fr\/wp-json\/wp\/v2\/pages\/15923"}],"wp:featuredmedia":[{"embeddable":true,"href":"https:\/\/cgirona.itemvirtual.net\/fr\/wp-json\/wp\/v2\/media\/15762"}],"wp:attachment":[{"href":"https:\/\/cgirona.itemvirtual.net\/fr\/wp-json\/wp\/v2\/media?parent=16744"}],"curies":[{"name":"wp","href":"https:\/\/api.w.org\/{rel}","templated":true}]}}