{"id":16430,"date":"2021-04-09T08:43:54","date_gmt":"2021-04-09T08:43:54","guid":{"rendered":"https:\/\/campingsingirona.com\/campgo\/"},"modified":"2021-05-28T14:04:38","modified_gmt":"2021-05-28T14:04:38","slug":"campgo","status":"publish","type":"page","link":"https:\/\/cgirona.itemvirtual.net\/fr\/experiences\/campgo\/","title":{"rendered":"Camp&#038;Go"},"content":{"rendered":"\n<h2 class=\"wp-block-heading\">Multipliez les avantages de voyager en camping-car<\/h2>\n\n\n\n<p>Apr\u00e8s une journ\u00e9e de voyage amusante, il est normal d\u2019avoir envie de repos et de confort. Que diriez-vous de profiter d\u2019une jolie vue depuis le camping-car pendant que vous videz les r\u00e9servoirs&nbsp;? Ou d\u2019une ambiance tranquille et s\u00fbre pour pr\u00e9parer un bon d\u00eener&nbsp;?<\/p>\n\n\n\n<p>Chez Campings de G\u00e9rone, c\u2019est possible gr\u00e2ce au service innovant pour camping-caristes Camp&amp;Go&nbsp;! Vous pouvez maintenant r\u00e9aliser des s\u00e9jours d\u2019une nuit\u00e9e dans le camping sur des emplacements \u00e9quip\u00e9s pour les camping-cars et en profiter \u00e0 des prix r\u00e9duits.<\/p>\n\n\n\n<p>D\u00e9couvrez les Campings portant le label Camp&amp;Go, et profitez d\u2019un voyage plus confortable et amusant.<\/p>\n\n\n\n<p>* Consultez les tarifs et conditions sp\u00e9ciales Camp&amp;Go dans chaque camping.<\/p>\n","protected":false},"excerpt":{"rendered":"<p>Multipliez les avantages de voyager en camping-car Apr\u00e8s une journ\u00e9e de voyage amusante, il est normal d\u2019avoir envie de repos et de confort. Que diriez-vous de profiter d\u2019une jolie vue depuis le camping-car pendant que vous videz les r\u00e9servoirs&nbsp;? Ou d\u2019une ambiance tranquille et s\u00fbre pour pr\u00e9parer un bon d\u00eener&nbsp;? Chez Campings de G\u00e9rone, c\u2019est [&hellip;]<\/p>\n","protected":false},"author":1,"featured_media":15855,"parent":15910,"menu_order":0,"comment_status":"closed","ping_status":"closed","template":"template-experiencia.php","meta":{"_acf_changed":false,"footnotes":""},"class_list":["post-16430","page","type-page","status-publish","has-post-thumbnail","hentry"],"acf":[],"_links":{"self":[{"href":"https:\/\/cgirona.itemvirtual.net\/fr\/wp-json\/wp\/v2\/pages\/16430","targetHints":{"allow":["GET"]}}],"collection":[{"href":"https:\/\/cgirona.itemvirtual.net\/fr\/wp-json\/wp\/v2\/pages"}],"about":[{"href":"https:\/\/cgirona.itemvirtual.net\/fr\/wp-json\/wp\/v2\/types\/page"}],"author":[{"embeddable":true,"href":"https:\/\/cgirona.itemvirtual.net\/fr\/wp-json\/wp\/v2\/users\/1"}],"replies":[{"embeddable":true,"href":"https:\/\/cgirona.itemvirtual.net\/fr\/wp-json\/wp\/v2\/comments?post=16430"}],"version-history":[{"count":5,"href":"https:\/\/cgirona.itemvirtual.net\/fr\/wp-json\/wp\/v2\/pages\/16430\/revisions"}],"predecessor-version":[{"id":18712,"href":"https:\/\/cgirona.itemvirtual.net\/fr\/wp-json\/wp\/v2\/pages\/16430\/revisions\/18712"}],"up":[{"embeddable":true,"href":"https:\/\/cgirona.itemvirtual.net\/fr\/wp-json\/wp\/v2\/pages\/15910"}],"wp:featuredmedia":[{"embeddable":true,"href":"https:\/\/cgirona.itemvirtual.net\/fr\/wp-json\/wp\/v2\/media\/15855"}],"wp:attachment":[{"href":"https:\/\/cgirona.itemvirtual.net\/fr\/wp-json\/wp\/v2\/media?parent=16430"}],"curies":[{"name":"wp","href":"https:\/\/api.w.org\/{rel}","templated":true}]}}