{"id":16007,"date":"2021-02-10T23:35:55","date_gmt":"2021-02-10T23:35:55","guid":{"rendered":"https:\/\/campingsingirona.com\/home\/"},"modified":"2026-02-10T16:10:50","modified_gmt":"2026-02-10T16:10:50","slug":"home","status":"publish","type":"page","link":"https:\/\/cgirona.itemvirtual.net\/fr\/","title":{"rendered":"Home"},"content":{"rendered":"\n<div class=\"wp-block-cover cabecera con-scroll\"><img loading=\"lazy\" decoding=\"async\" width=\"1440\" height=\"864\" class=\"wp-block-cover__image-background wp-image-12544\" alt=\"\" src=\"https:\/\/campingsingirona.com\/wp-content\/uploads\/2021\/03\/home.jpg\" data-object-fit=\"cover\" srcset=\"https:\/\/cgirona.itemvirtual.net\/wp-content\/uploads\/2021\/03\/home.jpg 1440w, https:\/\/cgirona.itemvirtual.net\/wp-content\/uploads\/2021\/03\/home-1024x614.jpg 1024w, https:\/\/cgirona.itemvirtual.net\/wp-content\/uploads\/2021\/03\/home-768x461.jpg 768w\" sizes=\"auto, (max-width: 1440px) 100vw, 1440px\" \/><span aria-hidden=\"true\" class=\"wp-block-cover__background has-background-dim-0 has-background-dim\"><\/span><div class=\"wp-block-cover__inner-container is-layout-flow wp-block-cover-is-layout-flow\">\n<h1 class=\"wp-block-heading has-text-align-center\">D\u00e9couvrez les campings de la Costa Brava et des Pyr\u00e9n\u00e9es<\/h1>\n\n\n<div id=\"botones-block_37ce236feabdc50ce889d7bd2dab71dd\" class=\"wp-block-group wp-block-botones\">\n        <ul class=\"botones\">\n                <li>\n            <a href=\"https:\/\/campingsingirona.com\/fr\/experiences\/\" class=\"boton boton1\" target=\"_blank\" rel=\"noopener\">\n                Vivez de nouvelles exp\u00e9riences            <\/a>\n        <\/li>\n                <li>\n            <a href=\"https:\/\/campingsingirona.com\/fr\/points-dinteret\/\" class=\"boton boton2\" target=\"_blank\" rel=\"noopener\">\n                Sachez-en plus sur la destination            <\/a>\n        <\/li>\n                <li>\n            <a href=\"https:\/\/campingsingirona.com\/fr\/campings\/\" class=\"boton boton3\" target=\"_blank\" rel=\"noopener\">\n                D\u00e9couvrez les campings            <\/a>\n        <\/li>\n            <\/ul>\n    <\/div><\/div><\/div>\n\n\n\n<div class=\"wp-block-group page-wrapper separador-superior\"><div class=\"wp-block-group__inner-container is-layout-flow wp-block-group-is-layout-flow\">\n<h2 class=\"wp-block-heading has-text-align-center\"><strong><strong>Pourquoi partir dans les<\/strong><\/strong><\/h2>\n\n\n\n<h2 class=\"wp-block-heading has-text-align-center\"><strong><strong> Campings de G\u00e9rone&nbsp;?<\/strong><\/strong><\/h2>\n\n\n\n<p class=\"has-text-align-center separador-superior\">Les campings de G\u00e9rone sont l\u2019une des meilleures options de voyage pour d\u00e9couvrir la Costa Brava et les Pyr\u00e9n\u00e9es. Ils offrent tout type de logement en plein contact avec la nature et un territoire avec une multitude de possibilit\u00e9s.<\/p>\n<\/div><\/div>\n\n\n<div id=\"mapa-block_28e19602086e1262ff3f2e07d221c07a\" class=\"wp-block-group wp-block-mapa separador-inferior page-wrapper\">\n    <div class=\"mapa\">\n                <img decoding=\"async\" src=\"https:\/\/cgirona.itemvirtual.net\/wp-content\/uploads\/2021\/03\/mapa.svg\" class=\"desktop\" \/>\n                        <img decoding=\"async\" src=\"https:\/\/cgirona.itemvirtual.net\/wp-content\/uploads\/2021\/04\/mapa-mobile.svg\" class=\"mobile\" \/>\n                        <ul class=\"bolas\">\n                <li class=\"bola bola-0\">\n            <div class=\"titulo\">\n                <h2>Nature<\/h2>\n                                <img decoding=\"async\" src=\"https:\/\/cgirona.itemvirtual.net\/wp-content\/uploads\/2021\/03\/naturaleza.jpg\" \/>\n                            <\/div>\n            <div class=\"html\">\n                <span><b>Une terre aux 1000 paysages.<\/b>\r\nPlages et criques d\u2019eaux cristallines prot\u00e9g\u00e9es par des falaises rocheuses ; plaines, for\u00eats et hautes montagnes, forment un territoire d\u2019une grande beaut\u00e9 naturelle.\r\n<\/span>\n            <\/div>\n        <\/li>\n                <li class=\"bola bola-1\">\n            <div class=\"titulo\">\n                <h2>Montagne<\/h2>\n                                <img decoding=\"async\" src=\"https:\/\/cgirona.itemvirtual.net\/wp-content\/uploads\/2021\/03\/montana.jpg\" \/>\n                            <\/div>\n            <div class=\"html\">\n                <span>Les Pyr\u00e9n\u00e9es, un lieu magique de grandes montagnes et de belles vall\u00e9es o\u00f9 vous profiter d\u2019activit\u00e9s en plein air et de sports de montagne comme le ski, la randonn\u00e9e, le VTT et bien plus encore !<\/span>\n            <\/div>\n        <\/li>\n                <li class=\"bola bola-2\">\n            <div class=\"titulo\">\n                <h2>Villages<\/h2>\n                                <img decoding=\"async\" src=\"https:\/\/cgirona.itemvirtual.net\/wp-content\/uploads\/2021\/03\/pueblos.jpg\" \/>\n                            <\/div>\n            <div class=\"html\">\n                <span>D\u00e9couvrez de charmants villages, des villes m\u00e9di\u00e9vales et charg\u00e9es d\u2019histoire. Voyager de village en village est la meilleure fa\u00e7on de conna\u00eetre l\u2019authenticit\u00e9 du territoire et le caract\u00e8re ouvert de ses habitants.<\/span>\n            <\/div>\n        <\/li>\n                <li class=\"bola bola-3\">\n            <div class=\"titulo\">\n                <h2>Culture<\/h2>\n                                <img decoding=\"async\" src=\"https:\/\/cgirona.itemvirtual.net\/wp-content\/uploads\/2021\/03\/cultura.jpg\" \/>\n                            <\/div>\n            <div class=\"html\">\n                <span>Plongez dans la culture d\u2019un territoire nourri par le passage de nombreuses civilisations, qui a inspir\u00e9 de grands artistes et traditions qui perdurent encore gr\u00e2ce au caract\u00e8re des habitants de la zone.<\/span>\n            <\/div>\n        <\/li>\n                <li class=\"bola bola-4\">\n            <div class=\"titulo\">\n                <h2>Mer <\/h2>\n                                <img decoding=\"async\" src=\"https:\/\/cgirona.itemvirtual.net\/wp-content\/uploads\/2021\/03\/mar.jpg\" \/>\n                            <\/div>\n            <div class=\"html\">\n                <span>La Costa Brava, petit tr\u00e9sor de la c\u00f4te catalane o\u00f9 vivre l\u2019essence m\u00e9diterran\u00e9enne \u00e0 l\u2019\u00e9tat pur gr\u00e2ce aux plages et criques idylliques d\u2019eaux transparentes et turquoise.<\/span>\n            <\/div>\n        <\/li>\n                <li class=\"bola bola-5\">\n            <div class=\"titulo\">\n                <h2>Gastronomie<\/h2>\n                                <img decoding=\"async\" src=\"https:\/\/cgirona.itemvirtual.net\/wp-content\/uploads\/2021\/03\/gastronomia.jpg\" \/>\n                            <\/div>\n            <div class=\"html\">\n                <span>Profitez de la gastronomie et des vins de G\u00e9rone, reconnus internationalement pour leurs saveurs caract\u00e9ristiques de la mer et de la montagne. Go\u00fbtez les produits typiques de chaque zone et d\u00e9couvrez l\u2019importance du produit local.<\/span>\n            <\/div>\n        <\/li>\n                <\/ul>\n            <\/div>\n<\/div>\n\n\n\n<figure class=\"extendedwopts-md-center wp-block-embed is-type-video is-provider-youtube wp-block-embed-youtube wp-embed-aspect-16-9 wp-has-aspect-ratio\"><div class=\"wp-block-embed__wrapper\">\n<iframe loading=\"lazy\" title=\"Campingsingirona &amp; Family\" width=\"500\" height=\"281\" src=\"https:\/\/www.youtube.com\/embed\/XQqxcnYcX04?feature=oembed\" frameborder=\"0\" allow=\"accelerometer; autoplay; clipboard-write; encrypted-media; gyroscope; picture-in-picture; web-share\" referrerpolicy=\"strict-origin-when-cross-origin\" allowfullscreen><\/iframe>\n<\/div><\/figure>\n\n\n\n<div class=\"wp-block-group grfolleto is-nowrap is-layout-flex wp-container-core-group-is-layout-64989fb1 wp-block-group-is-layout-flex\">\n<figure class=\"wp-block-image size-full\"><img loading=\"lazy\" decoding=\"async\" width=\"1577\" height=\"1961\" src=\"https:\/\/campingsingirona.com\/wp-content\/uploads\/2025\/01\/Folleto_campingsingirona.jpg\" alt=\"\" class=\"wp-image-121597\" style=\"object-fit:cover\" srcset=\"https:\/\/cgirona.itemvirtual.net\/wp-content\/uploads\/2025\/01\/Folleto_campingsingirona.jpg 1577w, https:\/\/cgirona.itemvirtual.net\/wp-content\/uploads\/2025\/01\/Folleto_campingsingirona-823x1024.jpg 823w, https:\/\/cgirona.itemvirtual.net\/wp-content\/uploads\/2025\/01\/Folleto_campingsingirona-768x955.jpg 768w, https:\/\/cgirona.itemvirtual.net\/wp-content\/uploads\/2025\/01\/Folleto_campingsingirona-1235x1536.jpg 1235w\" sizes=\"auto, (max-width: 1577px) 100vw, 1577px\" \/><\/figure>\n\n\n\n<div class=\"wp-block-group\"><div class=\"wp-block-group__inner-container is-layout-constrained wp-block-group-is-layout-constrained\">\n<div style=\"height:61px\" aria-hidden=\"true\" class=\"wp-block-spacer\"><\/div>\n\n\n\n<h2 class=\"wp-block-heading\">T\u00e9l\u00e9chargez la brochure de Campings in Girona<\/h2>\n\n\n\n<div style=\"height:29px\" aria-hidden=\"true\" class=\"wp-block-spacer\"><\/div>\n\n\n\n<p>Explorez tout ce que les campings de G\u00e9rone ont \u00e0 vous offrir ! T\u00e9l\u00e9chargez la brochure et d\u00e9couvrez pourquoi ils sont le choix id\u00e9al pour profiter de la nature, de la libert\u00e9 et de vacances remplies d\u2019aventures et de d\u00e9tente dans un territoire plein de possibilit\u00e9s infinies pour vivre des exp\u00e9riences uniques.<\/p>\n\n\n\n<p class=\"extendedwopts-md-left boton alt\"><a href=\"https:\/\/campingsingirona.com\/wp-content\/uploads\/2025\/01\/Campings-In-Girona-ENG.pdf\" target=\"_blank\" rel=\"noreferrer noopener\">T\u00e9l\u00e9charge-le ici<\/a><\/p>\n<\/div><\/div>\n<\/div>\n\n\n<div id=\"noticias-block_3220246cc6c5ec22a83cf081ecdfa3e6\" class=\"wp-block-group wp-block-noticias separador-superior separador-inferior\">\n    <div class=\"page-wrapper\">\n        <div class=\"cabecera-contenido\">\n            <h2>Be Inspired<\/h2>\n        <\/div>\n        <div class=\"descripcion-bloque-noticias html\">\n            <p>Bienvenue sur le blog Inspira\u2019t, un coin plein d\u2019id\u00e9es originales pour vos vacances sur la Costa Brava et les Pyr\u00e9n\u00e9es. Trouvez les meilleures propositions pour vos escapades sur le territoire, des conseils de voyage, des itin\u00e9raires, des excursions, des points d\u2019int\u00e9r\u00eat, des exp\u00e9riences et bien plus encore. Vous allez rater \u00e7a ?<\/p>\n        <\/div>\n                <ul class=\"noticias noticias-destacadas\">\n            <li class=\"noticia noticia1 con-thumbnail\"  style=\"background-image:url(https:\/\/cgirona.itemvirtual.net\/wp-content\/uploads\/2024\/02\/20220611_5381-scaled.jpg)\" >\n    <a href=\"https:\/\/cgirona.itemvirtual.net\/fr\/2024\/02\/camping-stories\/\">\n                <div class=\"texto\">\n            <h3>Best Camping Stories<\/h3>\n            <div class=\"fecha\">13 de f\u00e9vrier de 2024<\/div>\n        <\/div>\n    <\/a>\n<\/li><li class=\"noticia noticia2 con-thumbnail\"  style=\"background-image:url(https:\/\/cgirona.itemvirtual.net\/wp-content\/uploads\/2024\/08\/campings-riu1.png)\" >\n    <a href=\"https:\/\/cgirona.itemvirtual.net\/fr\/2024\/07\/are-you-a-sea-or-river-person-the-best-campsites-on-the-shores\/\">\n                <div class=\"texto\">\n            <h3>Are you a sea or river person? The best campsites on the shores<\/h3>\n            <div class=\"fecha\">12 de juillet de 2024<\/div>\n        <\/div>\n    <\/a>\n<\/li><li class=\"noticia noticia3 con-thumbnail\"  style=\"background-image:url(https:\/\/cgirona.itemvirtual.net\/wp-content\/uploads\/2023\/05\/Mas-Oller.-Torrent.-Joan-Divi-Figueras.-Arxiu-Imatges-PTCBG-3.webp)\" >\n    <a href=\"https:\/\/cgirona.itemvirtual.net\/fr\/2023\/04\/discovering-the-do-emporda-wineries\/\">\n                <div class=\"texto\">\n            <h3>Discovering the DO Empord\u00e0 Wineries<\/h3>\n            <div class=\"fecha\">28 de avril de 2023<\/div>\n        <\/div>\n    <\/a>\n<\/li><li class=\"noticia noticia4 con-thumbnail\"  style=\"background-image:url(https:\/\/cgirona.itemvirtual.net\/wp-content\/uploads\/2023\/03\/Teatre-Museu-Dali-Figueres.-Josep-Algans.-Arxiu-Imatges-PTCBG.jpg)\" >\n    <a href=\"https:\/\/cgirona.itemvirtual.net\/fr\/2023\/03\/dali-theatre-museum-jewel-surrealism\/\">\n                <div class=\"texto\">\n            <h3><strong>The Dal\u00ed Theatre &#8211; Museum, the jewel of surrealism<\/strong><\/h3>\n            <div class=\"fecha\">23 de mars de 2023<\/div>\n        <\/div>\n    <\/a>\n<\/li><li class=\"noticia noticia5 con-thumbnail\"  style=\"background-image:url(https:\/\/cgirona.itemvirtual.net\/wp-content\/uploads\/2023\/07\/El-delfin-verde.webp)\" >\n    <a href=\"https:\/\/cgirona.itemvirtual.net\/fr\/2023\/07\/the-best-campsite-swimming-pools-to-enjoy-with-the-family\/\">\n                <div class=\"texto\">\n            <h3>The best campsite swimming pools to enjoy with the family: adventure and fun guaranteed<\/h3>\n            <div class=\"fecha\">24 de juillet de 2023<\/div>\n        <\/div>\n    <\/a>\n<\/li><li class=\"noticia noticia6 con-thumbnail\"  style=\"background-image:url(https:\/\/cgirona.itemvirtual.net\/wp-content\/uploads\/2021\/02\/LEstartit-Parc-Natural-del-Montgri\u0301-les-Illes-Medes-i-el-Baix-Ter.-Jordi-Renart.-Arxiu-Imatges-PTCBG.jpg)\" >\n    <a href=\"https:\/\/cgirona.itemvirtual.net\/fr\/2023\/03\/10-family-activities-in-girona\/\">\n                <div class=\"texto\">\n            <h3><strong>10 family activities in the Girona region<\/strong><\/h3>\n            <div class=\"fecha\">1 de mars de 2023<\/div>\n        <\/div>\n    <\/a>\n<\/li>        <\/ul>\n                <div class=\"ver-mas\">\n            <a class=\"boton alt\" href=\"https:\/\/cgirona.itemvirtual.net\/fr\/beinspired\/\">Voir plus<\/a>\n        <\/div>\n    <\/div>\n<\/div>\n\n\n\n<p><\/p>\n\n\n\n<div class=\"wp-block-group page-wrapper\"><div class=\"wp-block-group__inner-container is-layout-flow wp-block-group-is-layout-flow\">\n<div class=\"wp-block-columns separador-superior is-layout-flex wp-container-core-columns-is-layout-9d6595d7 wp-block-columns-is-layout-flex\">\n<div class=\"wp-block-column is-layout-flow wp-block-column-is-layout-flow\"><style type=\"text\/css\">\n\n<\/style>\n<div id=\"logos-block_4b81370834bdd97c7c93d16527b04da7\" class=\"wp-block-group wp-block-logos\">\n    <h2>Sponsors<\/h2>\n        <ul class=\"logos\">\n                <li class=\"logo\">\n                        <a href=\"https:\/\/www.llagosnet.com\/es\/\" style=\"background-image:url(https:\/\/cgirona.itemvirtual.net\/wp-content\/uploads\/2022\/03\/Logo_Llagosnet_bestline_negatiu_blau.jpg)\" target=\"_blank\" rel=\"noopener\"><\/a>\n                    <\/li>\n                <li class=\"logo\">\n                        <a href=\"https:\/\/serviturheinze.com\/\" style=\"background-image:url(https:\/\/cgirona.itemvirtual.net\/wp-content\/uploads\/2021\/10\/Heinze-2.jpg)\" target=\"_blank\" rel=\"noopener\"><\/a>\n                    <\/li>\n                <li class=\"logo\">\n                        <a href=\"https:\/\/www.septeo.com\/es\/hospitality\" style=\"background-image:url(https:\/\/cgirona.itemvirtual.net\/wp-content\/uploads\/2026\/02\/logo-septeo-hospitality-rgb_logo-Septeo-Hospitality-verti-dark.png)\" target=\"_blank\" rel=\"noopener\"><\/a>\n                    <\/li>\n                <li class=\"logo\">\n                        <a href=\"http:\/\/www.llort-tarradas.com\/\" style=\"background-image:url(https:\/\/cgirona.itemvirtual.net\/wp-content\/uploads\/2025\/01\/llort-tarradas.jpeg)\" target=\"_blank\" rel=\"noopener\"><\/a>\n                    <\/li>\n                <li class=\"logo\">\n                        <a href=\"https:\/\/www.disbesa.com\/ca\/\" style=\"background-image:url(https:\/\/cgirona.itemvirtual.net\/wp-content\/uploads\/2021\/10\/disbesa-darnes-3-e1635325494301.png)\" target=\"_blank\" rel=\"noopener\"><\/a>\n                    <\/li>\n                <li class=\"logo\">\n                        <a href=\"https:\/\/www.repsol.com\/es\/index.cshtml\" style=\"background-image:url(https:\/\/cgirona.itemvirtual.net\/wp-content\/uploads\/2021\/07\/Diseno-sin-titulo1.jpg)\" target=\"_blank\" rel=\"noopener\"><\/a>\n                    <\/li>\n                <li class=\"logo\">\n                        <a href=\"https:\/\/www.tematicarquitectura.com\/\" style=\"background-image:url(https:\/\/cgirona.itemvirtual.net\/wp-content\/uploads\/2024\/09\/TEMATIC.png)\" target=\"_blank\" rel=\"noopener\"><\/a>\n                    <\/li>\n                <li class=\"logo\">\n                        <a href=\"https:\/\/staff.es\/\" style=\"background-image:url(https:\/\/cgirona.itemvirtual.net\/wp-content\/uploads\/2024\/09\/logo-grupo-vector1.png)\" target=\"_blank\" rel=\"noopener\"><\/a>\n                    <\/li>\n                <li class=\"logo\">\n                        <a href=\"https:\/\/sepesports.com\/\" style=\"background-image:url(https:\/\/cgirona.itemvirtual.net\/wp-content\/uploads\/2024\/09\/Logo-vect.png)\" target=\"_blank\" rel=\"noopener\"><\/a>\n                    <\/li>\n                <li class=\"logo\">\n                        <a href=\"https:\/\/gapserveisturistics.com\/\" style=\"background-image:url(https:\/\/cgirona.itemvirtual.net\/wp-content\/uploads\/2024\/09\/logo_gap-1.png)\" target=\"_blank\" rel=\"noopener\"><\/a>\n                    <\/li>\n                <li class=\"logo\">\n                        <a href=\"https:\/\/www.energy-tools.net\/\" style=\"background-image:url(https:\/\/cgirona.itemvirtual.net\/wp-content\/uploads\/2024\/09\/Energy-Tools.png)\" target=\"_blank\" rel=\"noopener\"><\/a>\n                    <\/li>\n                <li class=\"logo\">\n                        <a href=\"https:\/\/edsunloisirs.com\/es\/\/\" style=\"background-image:url(https:\/\/cgirona.itemvirtual.net\/wp-content\/uploads\/2024\/09\/LogoEDSUN_Fondbleu_Baseline.png)\" target=\"_blank\" rel=\"noopener\"><\/a>\n                    <\/li>\n                <li class=\"logo\">\n                        <a href=\"https:\/\/www.masiaemporda.com\/\" style=\"background-image:url(https:\/\/cgirona.itemvirtual.net\/wp-content\/uploads\/2024\/08\/logo-masiaemporda.png)\" target=\"_blank\" rel=\"noopener\"><\/a>\n                    <\/li>\n                <li class=\"logo\">\n                        <a href=\"https:\/\/www.campany.es\/\" style=\"background-image:url(https:\/\/cgirona.itemvirtual.net\/wp-content\/uploads\/2024\/08\/logo-campany.png)\" target=\"_blank\" rel=\"noopener\"><\/a>\n                    <\/li>\n                <li class=\"logo\">\n                        <a href=\"https:\/\/multivalles.com\/es\/\" style=\"background-image:url(https:\/\/cgirona.itemvirtual.net\/wp-content\/uploads\/2024\/11\/logo_multiembalajes.png)\" target=\"_blank\" rel=\"noopener\"><\/a>\n                    <\/li>\n                <li class=\"logo\">\n                        <a href=\"https:\/\/www.servei.es\/\" style=\"background-image:url(https:\/\/cgirona.itemvirtual.net\/wp-content\/uploads\/2024\/12\/logo-servei-sau.png)\" target=\"_blank\" rel=\"noopener\"><\/a>\n                    <\/li>\n                <li class=\"logo\">\n                        <a href=\"https:\/\/www.apliser.com\/\" style=\"background-image:url(https:\/\/cgirona.itemvirtual.net\/wp-content\/uploads\/2025\/07\/APLISER-logo.png)\" target=\"_blank\" rel=\"noopener\"><\/a>\n                    <\/li>\n                <li class=\"logo\">\n                        <a href=\"https:\/\/addvalue.es\/\" style=\"background-image:url(https:\/\/cgirona.itemvirtual.net\/wp-content\/uploads\/2026\/01\/Logo-Add-Value.png)\" target=\"_blank\" rel=\"noopener\"><\/a>\n                    <\/li>\n                <li class=\"logo\">\n                        <a href=\"https:\/\/www.controlplagagirona.com\/\" style=\"background-image:url(https:\/\/cgirona.itemvirtual.net\/wp-content\/uploads\/2026\/02\/Qontrol-Plagas-Ax-vertical.jpg)\" target=\"_blank\" rel=\"noopener\"><\/a>\n                    <\/li>\n            <\/ul>\n    <\/div>\n<\/div>\n\n\n\n<div class=\"wp-block-column is-layout-flow wp-block-column-is-layout-flow\"><style type=\"text\/css\">\n\n<\/style>\n<div id=\"logos-block_85b93b1bdc40017d3f38b640697b9a7f\" class=\"wp-block-group wp-block-logos\">\n    <h2>Collaborateurs<\/h2>\n        <ul class=\"logos\">\n                <li class=\"logo\">\n                        <a href=\"http:\/\/act.gencat.cat\/\" style=\"background-image:url(https:\/\/cgirona.itemvirtual.net\/wp-content\/uploads\/2021\/10\/unnamed.gif)\" target=\"_blank\" rel=\"noopener\"><\/a>\n                    <\/li>\n                <li class=\"logo\">\n                        <a href=\"https:\/\/ca.costabrava.org\/\" style=\"background-image:url(https:\/\/cgirona.itemvirtual.net\/wp-content\/uploads\/2021\/11\/CB_PG_V_P_1TC-scaled.jpg)\" target=\"_blank\" rel=\"noopener\"><\/a>\n                    <\/li>\n                <li class=\"logo\">\n                        <a href=\"https:\/\/www.ddgi.cat\/web\/\" style=\"background-image:url(https:\/\/cgirona.itemvirtual.net\/wp-content\/uploads\/2021\/11\/DiputacioDeGirona.png)\" target=\"_blank\" rel=\"noopener\"><\/a>\n                    <\/li>\n                <li class=\"logo\">\n                        <a href=\"https:\/\/www.ddgi.cat\/web\/\" style=\"background-image:url(https:\/\/cgirona.itemvirtual.net\/wp-content\/uploads\/2021\/11\/DDGI-2030-Demarcacio-Sostenible-2.jpg)\" target=\"_blank\" rel=\"noopener\"><\/a>\n                    <\/li>\n                <li class=\"logo\">\n                        <a href=\"http:\/\/www.foeg.cat\/\" style=\"background-image:url(https:\/\/cgirona.itemvirtual.net\/wp-content\/uploads\/2024\/09\/logo_foeg_nou.jpg)\" target=\"_blank\" rel=\"noopener\"><\/a>\n                    <\/li>\n                <li class=\"logo\">\n                        <a href=\"https:\/\/www.doemporda.cat\/\" style=\"background-image:url(https:\/\/cgirona.itemvirtual.net\/wp-content\/uploads\/2021\/10\/logo-do-emporda.jpg)\" target=\"_blank\" rel=\"noopener\"><\/a>\n                    <\/li>\n                <li class=\"logo\">\n                        <a href=\"https:\/\/www.enginyersgi.cat\/\" style=\"background-image:url(https:\/\/cgirona.itemvirtual.net\/wp-content\/uploads\/2021\/10\/logo-1548256638057.jpg)\" target=\"_blank\" rel=\"noopener\"><\/a>\n                    <\/li>\n                <li class=\"logo\">\n                        <a href=\"https:\/\/www.viesverdes.cat\/:\/\/www.google.com\" style=\"background-image:url(https:\/\/cgirona.itemvirtual.net\/wp-content\/uploads\/2021\/09\/ViesVerdes.jpg)\" target=\"_blank\" rel=\"noopener\"><\/a>\n                    <\/li>\n                <li class=\"logo\">\n                        <a href=\"https:\/\/www.mifas.cat\/es\/\" style=\"background-image:url(https:\/\/cgirona.itemvirtual.net\/wp-content\/uploads\/2021\/10\/mifas-marcagrafica-grup-positiu-1050666-e1635326529977.jpg)\" target=\"_blank\" rel=\"noopener\"><\/a>\n                    <\/li>\n                <li class=\"logo\">\n                        <a href=\"https:\/\/www.udg.edu\/es\/\" style=\"background-image:url(https:\/\/cgirona.itemvirtual.net\/wp-content\/uploads\/2021\/10\/logo-girona-e1635324745802.jpg)\" target=\"_blank\" rel=\"noopener\"><\/a>\n                    <\/li>\n            <\/ul>\n    <\/div>\n<\/div>\n<\/div>\n<\/div><\/div>\n\n\n\n<p><\/p>\n","protected":false},"excerpt":{"rendered":"<p>Pourquoi partir dans les Campings de G\u00e9rone&nbsp;? Les campings de G\u00e9rone sont l\u2019une des meilleures options de voyage pour d\u00e9couvrir la Costa Brava et les Pyr\u00e9n\u00e9es. Ils offrent tout type de logement en plein contact avec la nature et un territoire avec une multitude de possibilit\u00e9s. T\u00e9l\u00e9chargez la brochure de Campings in Girona Explorez tout [&hellip;]<\/p>\n","protected":false},"author":1,"featured_media":0,"parent":0,"menu_order":0,"comment_status":"closed","ping_status":"closed","template":"","meta":{"_acf_changed":false,"footnotes":""},"class_list":["post-16007","page","type-page","status-publish","hentry"],"acf":[],"_links":{"self":[{"href":"https:\/\/cgirona.itemvirtual.net\/fr\/wp-json\/wp\/v2\/pages\/16007","targetHints":{"allow":["GET"]}}],"collection":[{"href":"https:\/\/cgirona.itemvirtual.net\/fr\/wp-json\/wp\/v2\/pages"}],"about":[{"href":"https:\/\/cgirona.itemvirtual.net\/fr\/wp-json\/wp\/v2\/types\/page"}],"author":[{"embeddable":true,"href":"https:\/\/cgirona.itemvirtual.net\/fr\/wp-json\/wp\/v2\/users\/1"}],"replies":[{"embeddable":true,"href":"https:\/\/cgirona.itemvirtual.net\/fr\/wp-json\/wp\/v2\/comments?post=16007"}],"version-history":[{"count":10,"href":"https:\/\/cgirona.itemvirtual.net\/fr\/wp-json\/wp\/v2\/pages\/16007\/revisions"}],"predecessor-version":[{"id":145592,"href":"https:\/\/cgirona.itemvirtual.net\/fr\/wp-json\/wp\/v2\/pages\/16007\/revisions\/145592"}],"wp:attachment":[{"href":"https:\/\/cgirona.itemvirtual.net\/fr\/wp-json\/wp\/v2\/media?parent=16007"}],"curies":[{"name":"wp","href":"https:\/\/api.w.org\/{rel}","templated":true}]}}