{"id":15811,"date":"2021-02-18T14:42:38","date_gmt":"2021-02-18T14:42:38","guid":{"rendered":"https:\/\/campingsingirona.com\/playas-rutas-y-lugares-accesibles\/"},"modified":"2021-04-19T21:03:15","modified_gmt":"2021-04-19T21:03:15","slug":"puntos-accesibles","status":"publish","type":"page","link":"https:\/\/cgirona.itemvirtual.net\/es\/puntos-interes\/puntos-accesibles\/","title":{"rendered":"Puntos accesibles"},"content":{"rendered":"\n<p class=\"has-text-align-center\">\u00a1Diversi\u00f3n sin l\u00edmites! La Costa Brava y los Pirineos disponen de muchos puntos accesibles para personas con movilidad reducida, adem\u00e1s de servicios especiales en playas, caminos, museos, entre otros. \u00a1Si est\u00e1s buscando actividades accesibles, aqu\u00ed te los presentamos todos!<\/p>\n","protected":false},"excerpt":{"rendered":"<p>\u00a1Diversi\u00f3n sin l\u00edmites! La Costa Brava y los Pirineos disponen de muchos puntos accesibles para personas con movilidad reducida, adem\u00e1s de servicios especiales en playas, caminos, museos, entre otros. \u00a1Si est\u00e1s buscando actividades accesibles, aqu\u00ed te los presentamos todos!<\/p>\n","protected":false},"author":1,"featured_media":15808,"parent":15834,"menu_order":0,"comment_status":"closed","ping_status":"closed","template":"template-tipo-destino.php","meta":{"_acf_changed":false,"footnotes":""},"class_list":["post-15811","page","type-page","status-publish","has-post-thumbnail","hentry"],"acf":[],"_links":{"self":[{"href":"https:\/\/cgirona.itemvirtual.net\/es\/wp-json\/wp\/v2\/pages\/15811","targetHints":{"allow":["GET"]}}],"collection":[{"href":"https:\/\/cgirona.itemvirtual.net\/es\/wp-json\/wp\/v2\/pages"}],"about":[{"href":"https:\/\/cgirona.itemvirtual.net\/es\/wp-json\/wp\/v2\/types\/page"}],"author":[{"embeddable":true,"href":"https:\/\/cgirona.itemvirtual.net\/es\/wp-json\/wp\/v2\/users\/1"}],"replies":[{"embeddable":true,"href":"https:\/\/cgirona.itemvirtual.net\/es\/wp-json\/wp\/v2\/comments?post=15811"}],"version-history":[{"count":4,"href":"https:\/\/cgirona.itemvirtual.net\/es\/wp-json\/wp\/v2\/pages\/15811\/revisions"}],"predecessor-version":[{"id":16776,"href":"https:\/\/cgirona.itemvirtual.net\/es\/wp-json\/wp\/v2\/pages\/15811\/revisions\/16776"}],"up":[{"embeddable":true,"href":"https:\/\/cgirona.itemvirtual.net\/es\/wp-json\/wp\/v2\/pages\/15834"}],"wp:featuredmedia":[{"embeddable":true,"href":"https:\/\/cgirona.itemvirtual.net\/es\/wp-json\/wp\/v2\/media\/15808"}],"wp:attachment":[{"href":"https:\/\/cgirona.itemvirtual.net\/es\/wp-json\/wp\/v2\/media?parent=15811"}],"curies":[{"name":"wp","href":"https:\/\/api.w.org\/{rel}","templated":true}]}}