{"id":15781,"date":"2021-02-18T14:41:48","date_gmt":"2021-02-18T14:41:48","guid":{"rendered":"https:\/\/campingsingirona.com\/patrimonio-historico-y-cultural\/"},"modified":"2021-04-17T17:56:35","modified_gmt":"2021-04-17T17:56:35","slug":"patrimonio-cultural","status":"publish","type":"page","link":"https:\/\/cgirona.itemvirtual.net\/es\/puntos-interes\/patrimonio-cultural\/","title":{"rendered":"Patrimonio cultural"},"content":{"rendered":"\n<p class=\"has-text-align-center\">Ad\u00e9ntrate en la cultura y las tradiciones de la Costa Brava y los Pirineos, una tierra esculpida por el paso de numerosas civilizaciones y una fuente de inspiraci\u00f3n para artistas de todo el mundo. Gracias al car\u00e1cter abierto y amigable de los habitantes de este lugar, podr\u00e1s vivir de primera mano una experiencia cultural inmejorable.<\/p>\n","protected":false},"excerpt":{"rendered":"<p>Ad\u00e9ntrate en la cultura y las tradiciones de la Costa Brava y los Pirineos, una tierra esculpida por el paso de numerosas civilizaciones y una fuente de inspiraci\u00f3n para artistas de todo el mundo. Gracias al car\u00e1cter abierto y amigable de los habitantes de este lugar, podr\u00e1s vivir de primera mano una experiencia cultural inmejorable.<\/p>\n","protected":false},"author":1,"featured_media":15776,"parent":15834,"menu_order":0,"comment_status":"closed","ping_status":"closed","template":"template-tipo-destino.php","meta":{"_acf_changed":false,"footnotes":""},"class_list":["post-15781","page","type-page","status-publish","has-post-thumbnail","hentry"],"acf":[],"_links":{"self":[{"href":"https:\/\/cgirona.itemvirtual.net\/es\/wp-json\/wp\/v2\/pages\/15781","targetHints":{"allow":["GET"]}}],"collection":[{"href":"https:\/\/cgirona.itemvirtual.net\/es\/wp-json\/wp\/v2\/pages"}],"about":[{"href":"https:\/\/cgirona.itemvirtual.net\/es\/wp-json\/wp\/v2\/types\/page"}],"author":[{"embeddable":true,"href":"https:\/\/cgirona.itemvirtual.net\/es\/wp-json\/wp\/v2\/users\/1"}],"replies":[{"embeddable":true,"href":"https:\/\/cgirona.itemvirtual.net\/es\/wp-json\/wp\/v2\/comments?post=15781"}],"version-history":[{"count":3,"href":"https:\/\/cgirona.itemvirtual.net\/es\/wp-json\/wp\/v2\/pages\/15781\/revisions"}],"predecessor-version":[{"id":16629,"href":"https:\/\/cgirona.itemvirtual.net\/es\/wp-json\/wp\/v2\/pages\/15781\/revisions\/16629"}],"up":[{"embeddable":true,"href":"https:\/\/cgirona.itemvirtual.net\/es\/wp-json\/wp\/v2\/pages\/15834"}],"wp:featuredmedia":[{"embeddable":true,"href":"https:\/\/cgirona.itemvirtual.net\/es\/wp-json\/wp\/v2\/media\/15776"}],"wp:attachment":[{"href":"https:\/\/cgirona.itemvirtual.net\/es\/wp-json\/wp\/v2\/media?parent=15781"}],"curies":[{"name":"wp","href":"https:\/\/api.w.org\/{rel}","templated":true}]}}