{"id":15682,"date":"2021-02-15T23:17:23","date_gmt":"2021-02-15T23:17:23","guid":{"rendered":"https:\/\/campingsingirona.com\/bedbike\/"},"modified":"2022-02-14T07:57:10","modified_gmt":"2022-02-14T07:57:10","slug":"bed-bike","status":"publish","type":"page","link":"https:\/\/cgirona.itemvirtual.net\/es\/experiencias\/bed-bike\/","title":{"rendered":"Bed&#038;Bike"},"content":{"rendered":"\n<h2 class=\"wp-block-heading\" id=\"el-placer-de-viajar-en-bicicleta\">El placer de viajar en bicicleta<\/h2>\n\n\n\n<p>La Costa Brava y los Pirineos, son el destino de referencia para ciclistas de todo el mundo. Esto se debe a la gran riqueza paisaj\u00edstica, los caminos y las carreteras que parecen esculpidas para la pr\u00e1ctica de este deporte. Aqu\u00ed van algunas de las rutas m\u00e1s populares:<\/p>\n\n\n\n<ul class=\"wp-block-list\"><li><a href=\"https:\/\/www.viesverdes.cat\/es\/\" target=\"_blank\" rel=\"noopener\">V\u00edas Verdes de Catalunya.<\/a><\/li><li><a href=\"https:\/\/www.catalunya.com\/vias-verdes-ruta-pirinexus-24-1-527094?language=es\" target=\"_blank\" rel=\"noopener\">Ruta Pirinexus de Catalunya<\/a><\/li><li><a href=\"https:\/\/en.eurovelo.com\/\" target=\"_blank\" rel=\"noopener\">Pirineos EuroVelo 8.<\/a><\/li><li><a href=\"https:\/\/www.ciclisme.cat\/\" target=\"_blank\" rel=\"noopener\">Generales Ciclismo Ruta Campings.<\/a><\/li><li><a href=\"http:\/\/www.gironabikerides.com\/tria-la-teva-ruta\/?lang=es\" target=\"_blank\" rel=\"noopener\">Crea tu ruta a medida.<\/a><\/li><\/ul>\n\n\n\n<p>Si est\u00e1s pensando en organizar una ruta en bicicleta por la Costa Brava o los Pirineos, los campings de Girona con el sello Bed&amp;Bike Friendly te ofrecer\u00e1n servicios de alojamiento especializados en ciclistas. Entre estos, encontrar\u00e1s: Armarios destinados a guardar las bicicletas, herramientas para ajustar las piezas de tu bici, cambio de neum\u00e1ticos, \u00e1rea de secado de ropa, excursiones guiadas, alquiler de bicis o rutas por la zona. Adem\u00e1s, si est\u00e1s haciendo un itinerario en bicicleta por diferentes puntos del territorio, los Campings de Girona con el sello Bed&amp;Bike Friendly te ofrecer\u00e1n la posibilidad de reservar una \u00fanica noche.<\/p>\n\n\n\n<p>Disfruta de una gran experiencia ciclista en las comarcas de Girona, con los campings que encontrar\u00e1s a lo largo de toda la costa o en el interior del territorio. Si eres amante del ciclismo de carretera te recomendamos realizar rutas hacia los puertos de monta\u00f1a de los Pirineos, la ruta por los pueblos medievales de la Costa Brava, las incre\u00edbles vistas de la carretera del Monasterio de Sant Pere de Rodes o la infinidad de rutas que podr\u00e1s encontrar cerca de la capital del ciclismo, la ciudad de Girona. Y para los amantes de la BTT, os recomendamos pedalear por el Lago de Banyoles o por las V\u00edas Verdes que recorren kil\u00f3metros y kil\u00f3metros de naturaleza entre la Costa Brava y los Pirineos. \u00bfTe vas a perder este bonito espect\u00e1culo?<\/p>\n","protected":false},"excerpt":{"rendered":"<p>El placer de viajar en bicicleta La Costa Brava y los Pirineos, son el destino de referencia para ciclistas de todo el mundo. Esto se debe a la gran riqueza paisaj\u00edstica, los caminos y las carreteras que parecen esculpidas para la pr\u00e1ctica de este deporte. Aqu\u00ed van algunas de las rutas m\u00e1s populares: V\u00edas Verdes [&hellip;]<\/p>\n","protected":false},"author":1,"featured_media":16191,"parent":15827,"menu_order":0,"comment_status":"closed","ping_status":"closed","template":"template-experiencia.php","meta":{"_acf_changed":false,"footnotes":""},"class_list":["post-15682","page","type-page","status-publish","has-post-thumbnail","hentry"],"acf":[],"_links":{"self":[{"href":"https:\/\/cgirona.itemvirtual.net\/es\/wp-json\/wp\/v2\/pages\/15682","targetHints":{"allow":["GET"]}}],"collection":[{"href":"https:\/\/cgirona.itemvirtual.net\/es\/wp-json\/wp\/v2\/pages"}],"about":[{"href":"https:\/\/cgirona.itemvirtual.net\/es\/wp-json\/wp\/v2\/types\/page"}],"author":[{"embeddable":true,"href":"https:\/\/cgirona.itemvirtual.net\/es\/wp-json\/wp\/v2\/users\/1"}],"replies":[{"embeddable":true,"href":"https:\/\/cgirona.itemvirtual.net\/es\/wp-json\/wp\/v2\/comments?post=15682"}],"version-history":[{"count":5,"href":"https:\/\/cgirona.itemvirtual.net\/es\/wp-json\/wp\/v2\/pages\/15682\/revisions"}],"predecessor-version":[{"id":31006,"href":"https:\/\/cgirona.itemvirtual.net\/es\/wp-json\/wp\/v2\/pages\/15682\/revisions\/31006"}],"up":[{"embeddable":true,"href":"https:\/\/cgirona.itemvirtual.net\/es\/wp-json\/wp\/v2\/pages\/15827"}],"wp:featuredmedia":[{"embeddable":true,"href":"https:\/\/cgirona.itemvirtual.net\/es\/wp-json\/wp\/v2\/media\/16191"}],"wp:attachment":[{"href":"https:\/\/cgirona.itemvirtual.net\/es\/wp-json\/wp\/v2\/media?parent=15682"}],"curies":[{"name":"wp","href":"https:\/\/api.w.org\/{rel}","templated":true}]}}