{"id":103782,"date":"2023-08-03T10:52:01","date_gmt":"2023-08-03T10:52:01","guid":{"rendered":"https:\/\/campingsingirona.com\/?page_id=103782"},"modified":"2023-08-03T10:52:03","modified_gmt":"2023-08-03T10:52:03","slug":"green-life","status":"publish","type":"page","link":"https:\/\/cgirona.itemvirtual.net\/es\/experiencias\/green-life\/","title":{"rendered":"Green Life"},"content":{"rendered":"\n<h2 class=\"wp-block-heading\">Impacto directo sobre el entorno natural<\/h2>\n\n\n\n<p>En los campings de la Costa Brava y Pirineo de Girona se sigue trabajando para que cada vez sean m\u00e1s los campings concienciados con el medio ambiente y el n\u00famero aumente.<\/p>\n\n\n\n<p>Por considerarse campings Green Life nos fijamos en el uso eficiente de los recursos naturales como el agua y la energ\u00eda. Muchos campings est\u00e1n implementando tecnolog\u00edas para captar y utilizar agua de lluvia, as\u00ed como fuentes de energ\u00eda renovables para abastecer a sus instalaciones.<\/p>\n\n\n\n<p>Adem\u00e1s de las pr\u00e1cticas internas, los campings est\u00e1n fomentando la concienciaci\u00f3n del medio ambiente entre sus visitantes. Se llevan a cabo campa\u00f1as educativas y programas de informaci\u00f3n para destacar la importancia de respetar la naturaleza y fomentar el turismo responsable, animando a los usuarios a practicar el reciclaje y hacer un uso responsable de los recursos. Adem\u00e1s, se promueven actividades de observaci\u00f3n de la flora y fauna aut\u00f3ctonas y el fomento del uso de bicicletas, motos o coches el\u00e9ctricas para fortalecer el v\u00ednculo entre los turistas y la naturaleza local.<\/p>\n\n\n\n<p>Los campings de la Costa Brava desempe\u00f1an un papel importante en la preservaci\u00f3n del medio ambiente y la promoci\u00f3n de la sostenibilidad y est\u00e1n trabajando para garantizar que este territorio siga siendo un destino tur\u00edstico atractivo para las generaciones futuras.<\/p>\n\n\n\n<p>Si quieres tanto el medio ambiente como nosotros y quieres pasar unas vacaciones responsables, \u00a1busca tu camping de Girona con el sello Green Life!<\/p>\n","protected":false},"excerpt":{"rendered":"<p>Impacto directo sobre el entorno natural En los campings de la Costa Brava y Pirineo de Girona se sigue trabajando para que cada vez sean m\u00e1s los campings concienciados con el medio ambiente y el n\u00famero aumente. Por considerarse campings Green Life nos fijamos en el uso eficiente de los recursos naturales como el agua [&hellip;]<\/p>\n","protected":false},"author":1,"featured_media":103766,"parent":15827,"menu_order":0,"comment_status":"closed","ping_status":"closed","template":"template-experiencia.php","meta":{"_acf_changed":false,"footnotes":""},"class_list":["post-103782","page","type-page","status-publish","has-post-thumbnail","hentry"],"acf":[],"_links":{"self":[{"href":"https:\/\/cgirona.itemvirtual.net\/es\/wp-json\/wp\/v2\/pages\/103782","targetHints":{"allow":["GET"]}}],"collection":[{"href":"https:\/\/cgirona.itemvirtual.net\/es\/wp-json\/wp\/v2\/pages"}],"about":[{"href":"https:\/\/cgirona.itemvirtual.net\/es\/wp-json\/wp\/v2\/types\/page"}],"author":[{"embeddable":true,"href":"https:\/\/cgirona.itemvirtual.net\/es\/wp-json\/wp\/v2\/users\/1"}],"replies":[{"embeddable":true,"href":"https:\/\/cgirona.itemvirtual.net\/es\/wp-json\/wp\/v2\/comments?post=103782"}],"version-history":[{"count":5,"href":"https:\/\/cgirona.itemvirtual.net\/es\/wp-json\/wp\/v2\/pages\/103782\/revisions"}],"predecessor-version":[{"id":103877,"href":"https:\/\/cgirona.itemvirtual.net\/es\/wp-json\/wp\/v2\/pages\/103782\/revisions\/103877"}],"up":[{"embeddable":true,"href":"https:\/\/cgirona.itemvirtual.net\/es\/wp-json\/wp\/v2\/pages\/15827"}],"wp:featuredmedia":[{"embeddable":true,"href":"https:\/\/cgirona.itemvirtual.net\/es\/wp-json\/wp\/v2\/media\/103766"}],"wp:attachment":[{"href":"https:\/\/cgirona.itemvirtual.net\/es\/wp-json\/wp\/v2\/media?parent=103782"}],"curies":[{"name":"wp","href":"https:\/\/api.w.org\/{rel}","templated":true}]}}