{"id":16792,"date":"2021-02-18T14:43:10","date_gmt":"2021-02-18T14:43:10","guid":{"rendered":"https:\/\/campingsingirona.com\/destinos\/animaux-compagnie\/"},"modified":"2021-04-19T21:23:32","modified_gmt":"2021-04-19T21:23:32","slug":"haustiere","status":"publish","type":"page","link":"https:\/\/cgirona.itemvirtual.net\/de\/sehenswurdigkeiten\/haustiere\/","title":{"rendered":"Haustiere"},"content":{"rendered":"\n<p class=\"has-text-align-center\">Reisen Sie mit Ihrem Haustier an die Costa Brava oder in die Pyren\u00e4en! Hier finden sie Str\u00e4nde, Ausfl\u00fcge und Besichtigungen, die Sie problemlos mit Ihrem Hund unternehmen k\u00f6nnen. Jetzt merken!<\/p>\n","protected":false},"excerpt":{"rendered":"<p>Reisen Sie mit Ihrem Haustier an die Costa Brava oder in die Pyren\u00e4en! Hier finden sie Str\u00e4nde, Ausfl\u00fcge und Besichtigungen, die Sie problemlos mit Ihrem Hund unternehmen k\u00f6nnen. Jetzt merken!<\/p>\n","protected":false},"author":1,"featured_media":15818,"parent":15924,"menu_order":0,"comment_status":"closed","ping_status":"closed","template":"template-tipo-destino.php","meta":{"_acf_changed":false,"footnotes":""},"class_list":["post-16792","page","type-page","status-publish","has-post-thumbnail","hentry"],"acf":[],"_links":{"self":[{"href":"https:\/\/cgirona.itemvirtual.net\/de\/wp-json\/wp\/v2\/pages\/16792","targetHints":{"allow":["GET"]}}],"collection":[{"href":"https:\/\/cgirona.itemvirtual.net\/de\/wp-json\/wp\/v2\/pages"}],"about":[{"href":"https:\/\/cgirona.itemvirtual.net\/de\/wp-json\/wp\/v2\/types\/page"}],"author":[{"embeddable":true,"href":"https:\/\/cgirona.itemvirtual.net\/de\/wp-json\/wp\/v2\/users\/1"}],"replies":[{"embeddable":true,"href":"https:\/\/cgirona.itemvirtual.net\/de\/wp-json\/wp\/v2\/comments?post=16792"}],"version-history":[{"count":1,"href":"https:\/\/cgirona.itemvirtual.net\/de\/wp-json\/wp\/v2\/pages\/16792\/revisions"}],"predecessor-version":[{"id":16793,"href":"https:\/\/cgirona.itemvirtual.net\/de\/wp-json\/wp\/v2\/pages\/16792\/revisions\/16793"}],"up":[{"embeddable":true,"href":"https:\/\/cgirona.itemvirtual.net\/de\/wp-json\/wp\/v2\/pages\/15924"}],"wp:featuredmedia":[{"embeddable":true,"href":"https:\/\/cgirona.itemvirtual.net\/de\/wp-json\/wp\/v2\/media\/15818"}],"wp:attachment":[{"href":"https:\/\/cgirona.itemvirtual.net\/de\/wp-json\/wp\/v2\/media?parent=16792"}],"curies":[{"name":"wp","href":"https:\/\/api.w.org\/{rel}","templated":true}]}}