{"id":16722,"date":"2021-02-18T14:40:07","date_gmt":"2021-02-18T14:40:07","guid":{"rendered":"https:\/\/campingsingirona.com\/sehenswurdigkeiten\/family-friendly\/"},"modified":"2021-04-29T07:49:22","modified_gmt":"2021-04-29T07:49:22","slug":"familienfreundlich","status":"publish","type":"page","link":"https:\/\/cgirona.itemvirtual.net\/de\/sehenswurdigkeiten\/familienfreundlich\/","title":{"rendered":"Familienfreundlich"},"content":{"rendered":"\n<p>Genie\u00dfen Sie die Costa Brava und die Pyren\u00e4en gemeinsam mit Ihrer Familie! Girona und seine Umgebung bieten unz\u00e4hlige Aktivit\u00e4ten, Ausfl\u00fcge und Besichtigungen f\u00fcr die ganze Familie, die Sie so schnell nicht wieder vergessen werden.<\/p>\n","protected":false},"excerpt":{"rendered":"<p>Genie\u00dfen Sie die Costa Brava und die Pyren\u00e4en gemeinsam mit Ihrer Familie! Girona und seine Umgebung bieten unz\u00e4hlige Aktivit\u00e4ten, Ausfl\u00fcge und Besichtigungen f\u00fcr die ganze Familie, die Sie so schnell nicht wieder vergessen werden.<\/p>\n","protected":false},"author":1,"featured_media":15735,"parent":15924,"menu_order":0,"comment_status":"closed","ping_status":"closed","template":"template-tipo-destino.php","meta":{"_acf_changed":false,"footnotes":""},"class_list":["post-16722","page","type-page","status-publish","has-post-thumbnail","hentry"],"acf":[],"_links":{"self":[{"href":"https:\/\/cgirona.itemvirtual.net\/de\/wp-json\/wp\/v2\/pages\/16722","targetHints":{"allow":["GET"]}}],"collection":[{"href":"https:\/\/cgirona.itemvirtual.net\/de\/wp-json\/wp\/v2\/pages"}],"about":[{"href":"https:\/\/cgirona.itemvirtual.net\/de\/wp-json\/wp\/v2\/types\/page"}],"author":[{"embeddable":true,"href":"https:\/\/cgirona.itemvirtual.net\/de\/wp-json\/wp\/v2\/users\/1"}],"replies":[{"embeddable":true,"href":"https:\/\/cgirona.itemvirtual.net\/de\/wp-json\/wp\/v2\/comments?post=16722"}],"version-history":[{"count":1,"href":"https:\/\/cgirona.itemvirtual.net\/de\/wp-json\/wp\/v2\/pages\/16722\/revisions"}],"predecessor-version":[{"id":16723,"href":"https:\/\/cgirona.itemvirtual.net\/de\/wp-json\/wp\/v2\/pages\/16722\/revisions\/16723"}],"up":[{"embeddable":true,"href":"https:\/\/cgirona.itemvirtual.net\/de\/wp-json\/wp\/v2\/pages\/15924"}],"wp:featuredmedia":[{"embeddable":true,"href":"https:\/\/cgirona.itemvirtual.net\/de\/wp-json\/wp\/v2\/media\/15735"}],"wp:attachment":[{"href":"https:\/\/cgirona.itemvirtual.net\/de\/wp-json\/wp\/v2\/media?parent=16722"}],"curies":[{"name":"wp","href":"https:\/\/api.w.org\/{rel}","templated":true}]}}