{"id":16296,"date":"2021-02-15T23:17:51","date_gmt":"2021-02-15T23:17:51","guid":{"rendered":"https:\/\/campingsingirona.com\/erfahrungem\/pet-friendly\/"},"modified":"2023-05-29T12:31:42","modified_gmt":"2023-05-29T12:31:42","slug":"pet-friendly","status":"publish","type":"page","link":"https:\/\/cgirona.itemvirtual.net\/de\/erfahrungen\/pet-friendly\/","title":{"rendered":"Pet Friendly"},"content":{"rendered":"\n<h2 class=\"wp-block-heading\">Ein unvergessliches Erlebnis&nbsp;<\/h2>\n\n\n\n<p>Neben besonderen Angeboten f\u00fcr Ihre Haustiere, wie beispielsweise Dusche oder Badeh\u00e4uschen, bieten Ihnen die Campingpl\u00e4tze mit dem Kennzeichen Pet Friendly unvergessliche Erlebnisse mit Ihren vierbeinigen Freunden. Hier finden Sie Speisekarten f\u00fcr Haustiere oder idyllische Umgebungen f\u00fcr Spazierg\u00e4nge oder Ausfl\u00fcge mit Ihrem Hund in der Natur des Waldes oder an Str\u00e4nden wie Playa de la Rubina, Playa del Mol\u00ed oder Playa de Sant Jordi in Llan\u00e7\u00e0.<\/p>\n\n\n\n<h2 class=\"wp-block-heading\">Campingpl\u00e4tze f\u00fcr Hundebesitzer an der Costa Brava&nbsp;<\/h2>\n\n\n\n<p>F\u00fcr Campingpl\u00e4tze, auf denen Sie einen Urlaub mit Ihrem treuen Freund verbringen k\u00f6nnen, werfen Sie einen Blick auf die Campingpl\u00e4tze mit dem Kennzeichen Pet Friendly an der Costa Brava oder in den Pyren\u00e4en.&nbsp;&nbsp;<\/p>\n","protected":false},"excerpt":{"rendered":"<p>Ein unvergessliches Erlebnis&nbsp; Neben besonderen Angeboten f\u00fcr Ihre Haustiere, wie beispielsweise Dusche oder Badeh\u00e4uschen, bieten Ihnen die Campingpl\u00e4tze mit dem Kennzeichen Pet Friendly unvergessliche Erlebnisse mit Ihren vierbeinigen Freunden. Hier finden Sie Speisekarten f\u00fcr Haustiere oder idyllische Umgebungen f\u00fcr Spazierg\u00e4nge oder Ausfl\u00fcge mit Ihrem Hund in der Natur des Waldes oder an Str\u00e4nden wie Playa [&hellip;]<\/p>\n","protected":false},"author":1,"featured_media":15818,"parent":15905,"menu_order":0,"comment_status":"closed","ping_status":"closed","template":"template-experiencia.php","meta":{"_acf_changed":false,"footnotes":""},"class_list":["post-16296","page","type-page","status-publish","has-post-thumbnail","hentry"],"acf":[],"_links":{"self":[{"href":"https:\/\/cgirona.itemvirtual.net\/de\/wp-json\/wp\/v2\/pages\/16296","targetHints":{"allow":["GET"]}}],"collection":[{"href":"https:\/\/cgirona.itemvirtual.net\/de\/wp-json\/wp\/v2\/pages"}],"about":[{"href":"https:\/\/cgirona.itemvirtual.net\/de\/wp-json\/wp\/v2\/types\/page"}],"author":[{"embeddable":true,"href":"https:\/\/cgirona.itemvirtual.net\/de\/wp-json\/wp\/v2\/users\/1"}],"replies":[{"embeddable":true,"href":"https:\/\/cgirona.itemvirtual.net\/de\/wp-json\/wp\/v2\/comments?post=16296"}],"version-history":[{"count":5,"href":"https:\/\/cgirona.itemvirtual.net\/de\/wp-json\/wp\/v2\/pages\/16296\/revisions"}],"predecessor-version":[{"id":99680,"href":"https:\/\/cgirona.itemvirtual.net\/de\/wp-json\/wp\/v2\/pages\/16296\/revisions\/99680"}],"up":[{"embeddable":true,"href":"https:\/\/cgirona.itemvirtual.net\/de\/wp-json\/wp\/v2\/pages\/15905"}],"wp:featuredmedia":[{"embeddable":true,"href":"https:\/\/cgirona.itemvirtual.net\/de\/wp-json\/wp\/v2\/media\/15818"}],"wp:attachment":[{"href":"https:\/\/cgirona.itemvirtual.net\/de\/wp-json\/wp\/v2\/media?parent=16296"}],"curies":[{"name":"wp","href":"https:\/\/api.w.org\/{rel}","templated":true}]}}