{"id":16264,"date":"2021-02-15T23:18:25","date_gmt":"2021-02-15T23:18:25","guid":{"rendered":"https:\/\/campingsingirona.com\/erfahrungem\/wheelchair-friendly\/"},"modified":"2021-04-14T07:28:32","modified_gmt":"2021-04-14T07:28:32","slug":"wheelchair-friendly","status":"publish","type":"page","link":"https:\/\/cgirona.itemvirtual.net\/de\/erfahrungen\/wheelchair-friendly\/","title":{"rendered":"Wheelchair Friendly"},"content":{"rendered":"\n<h2 class=\"wp-block-heading\">Campingpl\u00e4tze f\u00fcr alle\u00a0<\/h2>\n\n\n\n<p>Die Campingpl\u00e4tze mit dem Kennzeichen Wheelchair Friendly an der Costa Brava oder in den Pyren\u00e4en sind barrierefrei und bieten spezielle Leistungen f\u00fcr Menschen mit Behinderung. \u00dcber dieses Kennzeichen verf\u00fcgen Campingpl\u00e4tze in Girona, die Campern mit Behinderung einen barrierefreien Urlaub mit speziellen Leistungen und Unternehmungen bieten.&nbsp;&nbsp;&nbsp;<\/p>\n\n\n\n<p>Die Campingpl\u00e4tze mit dem Kennzeichen Wheelchair Friendly erf\u00fcllen die Anforderungen f\u00fcr barrierefreie Campingpl\u00e4tze und bieten spezielle Leistungen, die Menschen mit Behinderung einen besonders sch\u00f6nen Urlaub erm\u00f6glichen. Zu diesen besonderen Angeboten geh\u00f6ren beispielsweise Schwimmbecken mit Zugangsrampe oder hydraulischen St\u00fchlen, Zugangsrampen zu Unterk\u00fcnften und Gemeinschaftsbereichen oder Animation f\u00fcr Menschen mit und ohne Behinderung.&nbsp;&nbsp;&nbsp;<\/p>\n\n\n\n<p>Manche der Campingpl\u00e4tze bieten auch spezielle barrierefreie Unternehmungen in der Region oder Fahrr\u00e4der f\u00fcr Menschen mit Behinderung.<\/p>\n","protected":false},"excerpt":{"rendered":"<p>Campingpl\u00e4tze f\u00fcr alle\u00a0 Die Campingpl\u00e4tze mit dem Kennzeichen Wheelchair Friendly an der Costa Brava oder in den Pyren\u00e4en sind barrierefrei und bieten spezielle Leistungen f\u00fcr Menschen mit Behinderung. \u00dcber dieses Kennzeichen verf\u00fcgen Campingpl\u00e4tze in Girona, die Campern mit Behinderung einen barrierefreien Urlaub mit speziellen Leistungen und Unternehmungen bieten.&nbsp;&nbsp;&nbsp; Die Campingpl\u00e4tze mit dem Kennzeichen Wheelchair Friendly [&hellip;]<\/p>\n","protected":false},"author":1,"featured_media":16208,"parent":15905,"menu_order":0,"comment_status":"closed","ping_status":"closed","template":"template-experiencia.php","meta":{"_acf_changed":false,"footnotes":""},"class_list":["post-16264","page","type-page","status-publish","has-post-thumbnail","hentry"],"acf":[],"_links":{"self":[{"href":"https:\/\/cgirona.itemvirtual.net\/de\/wp-json\/wp\/v2\/pages\/16264","targetHints":{"allow":["GET"]}}],"collection":[{"href":"https:\/\/cgirona.itemvirtual.net\/de\/wp-json\/wp\/v2\/pages"}],"about":[{"href":"https:\/\/cgirona.itemvirtual.net\/de\/wp-json\/wp\/v2\/types\/page"}],"author":[{"embeddable":true,"href":"https:\/\/cgirona.itemvirtual.net\/de\/wp-json\/wp\/v2\/users\/1"}],"replies":[{"embeddable":true,"href":"https:\/\/cgirona.itemvirtual.net\/de\/wp-json\/wp\/v2\/comments?post=16264"}],"version-history":[{"count":2,"href":"https:\/\/cgirona.itemvirtual.net\/de\/wp-json\/wp\/v2\/pages\/16264\/revisions"}],"predecessor-version":[{"id":16267,"href":"https:\/\/cgirona.itemvirtual.net\/de\/wp-json\/wp\/v2\/pages\/16264\/revisions\/16267"}],"up":[{"embeddable":true,"href":"https:\/\/cgirona.itemvirtual.net\/de\/wp-json\/wp\/v2\/pages\/15905"}],"wp:featuredmedia":[{"embeddable":true,"href":"https:\/\/cgirona.itemvirtual.net\/de\/wp-json\/wp\/v2\/media\/16208"}],"wp:attachment":[{"href":"https:\/\/cgirona.itemvirtual.net\/de\/wp-json\/wp\/v2\/media?parent=16264"}],"curies":[{"name":"wp","href":"https:\/\/api.w.org\/{rel}","templated":true}]}}