{"id":16229,"date":"2021-02-15T23:14:15","date_gmt":"2021-02-15T23:14:15","guid":{"rendered":"https:\/\/campingsingirona.com\/erfahrungem\/wine\/"},"modified":"2023-08-01T12:16:00","modified_gmt":"2023-08-01T12:16:00","slug":"vinicultural","status":"publish","type":"page","link":"https:\/\/cgirona.itemvirtual.net\/de\/erfahrungen\/vinicultural\/","title":{"rendered":"Land of Wines"},"content":{"rendered":"\n<p>L\u2019Empord\u00e0 ist das Anbaugebiet f\u00fcr die hervorragenden Weine der Costa Brava und zudem eine landschaftlich \u00e4u\u00dferst sch\u00f6ne Region des weithin bekannten Tramuntana-Gebirges. Die Campingpl\u00e4tze mit dem Kennzeichen Land of Wines verk\u00f6rpern die Weinkultur von L\u2019Empord\u00e0 mit dem Verkauf lokaler Weine, Besuchen von Weing\u00fctern und Anbaufl\u00e4chen oder der Verkostung von Weinen D.O. Empord\u00e0 im Campingplatzrestaurant.<\/p>\n\n\n\n<p>&nbsp;Derzeit gibt es f\u00fcr die Herkunftsbezeichnung D.O. Empord\u00e0 <strong>44 kleine und mittelst\u00e4ndische Weing\u00fcter<\/strong>, die mit Liebe zu dieser einzigartigen Region lokale Weine produzieren.&nbsp;&nbsp;&nbsp;<\/p>\n\n\n\n<p>Insgesamt gibt es f\u00fcnf Campingpl\u00e4tze mit dem Kennzeichen Land of Wines: den Campingplatz Begur im Herzen der Costa Brava und nahe des Weinguts Mas Oller, den Campingplatz Cadaqu\u00e9s in einem der sch\u00f6nsten D\u00f6rfer der&nbsp; Costa Brava und nahe des Weinguts Mart\u00ed Faix\u00f3 mit Weinbergen mit tollem Meerblick, den Campingplatz Port de la Selva nahe des majest\u00e4tischen Klosters Sant Pere de Rodes und des Weinguts Mas Estela und den Campingplatz Jonca Mar in Roses, der gas ganze Jahr \u00fcber Verkostungen mit lokalen Weinen bietet.<\/p>\n\n\n\n<p>Haben Sie Lust auf einen Wein mit der Herkunftsbezeichnung D.O. Empord\u00e0?<\/p>\n","protected":false},"excerpt":{"rendered":"<p>L\u2019Empord\u00e0 ist das Anbaugebiet f\u00fcr die hervorragenden Weine der Costa Brava und zudem eine landschaftlich \u00e4u\u00dferst sch\u00f6ne Region des weithin bekannten Tramuntana-Gebirges. Die Campingpl\u00e4tze mit dem Kennzeichen Land of Wines verk\u00f6rpern die Weinkultur von L\u2019Empord\u00e0 mit dem Verkauf lokaler Weine, Besuchen von Weing\u00fctern und Anbaufl\u00e4chen oder der Verkostung von Weinen D.O. Empord\u00e0 im Campingplatzrestaurant. &nbsp;Derzeit [&hellip;]<\/p>\n","protected":false},"author":1,"featured_media":16160,"parent":15905,"menu_order":0,"comment_status":"closed","ping_status":"closed","template":"template-experiencia.php","meta":{"_acf_changed":false,"footnotes":""},"class_list":["post-16229","page","type-page","status-publish","has-post-thumbnail","hentry"],"acf":[],"_links":{"self":[{"href":"https:\/\/cgirona.itemvirtual.net\/de\/wp-json\/wp\/v2\/pages\/16229","targetHints":{"allow":["GET"]}}],"collection":[{"href":"https:\/\/cgirona.itemvirtual.net\/de\/wp-json\/wp\/v2\/pages"}],"about":[{"href":"https:\/\/cgirona.itemvirtual.net\/de\/wp-json\/wp\/v2\/types\/page"}],"author":[{"embeddable":true,"href":"https:\/\/cgirona.itemvirtual.net\/de\/wp-json\/wp\/v2\/users\/1"}],"replies":[{"embeddable":true,"href":"https:\/\/cgirona.itemvirtual.net\/de\/wp-json\/wp\/v2\/comments?post=16229"}],"version-history":[{"count":5,"href":"https:\/\/cgirona.itemvirtual.net\/de\/wp-json\/wp\/v2\/pages\/16229\/revisions"}],"predecessor-version":[{"id":103685,"href":"https:\/\/cgirona.itemvirtual.net\/de\/wp-json\/wp\/v2\/pages\/16229\/revisions\/103685"}],"up":[{"embeddable":true,"href":"https:\/\/cgirona.itemvirtual.net\/de\/wp-json\/wp\/v2\/pages\/15905"}],"wp:featuredmedia":[{"embeddable":true,"href":"https:\/\/cgirona.itemvirtual.net\/de\/wp-json\/wp\/v2\/media\/16160"}],"wp:attachment":[{"href":"https:\/\/cgirona.itemvirtual.net\/de\/wp-json\/wp\/v2\/media?parent=16229"}],"curies":[{"name":"wp","href":"https:\/\/api.w.org\/{rel}","templated":true}]}}