{"id":103710,"date":"2023-08-01T12:22:50","date_gmt":"2023-08-01T12:22:50","guid":{"rendered":"https:\/\/campingsingirona.com\/?page_id=103710"},"modified":"2023-08-03T10:48:54","modified_gmt":"2023-08-03T10:48:54","slug":"sports","status":"publish","type":"page","link":"https:\/\/cgirona.itemvirtual.net\/de\/erfahrungen\/sports\/","title":{"rendered":"Sports"},"content":{"rendered":"\n<p>Diese Campingpl\u00e4tze garantieren einen Urlaub inmitten der Natur und bieten zahlreiche auf Abenteuer oder Natur ausgerichtete Aktivit\u00e4ten an der frischen Luft. Buchen Sie jetzt Ihren Urlaub auf einem Campingplatz mit dem Kennzeichen Sports! Erfreuen Sie sich an Wander- und Fahrradwegen, Kajaktouren, Rundfl\u00fcgen oder Ausritten und im Winter an Skifahren, Langlauf oder Schneeschuhwanderungen \u2013 <a href=\"https:\/\/www.masella.com\/\" target=\"_blank\" rel=\"noopener\">La Masella<\/a>, <a href=\"https:\/\/www.lamolina.cat\/hivern\/\" target=\"_blank\" rel=\"noopener\">La Molina<\/a>, <a href=\"https:\/\/www.vallter2000.cat\/es\/invierno\/\" target=\"_blank\" rel=\"noopener\">Vallter 2000<\/a>, <a href=\"https:\/\/www.valldenuria.cat\/es\/invierno\/\" target=\"_blank\" rel=\"noopener\">Vall de N\u00faria<\/a> y <a href=\"http:\/\/www.guils.com\/\" target=\"_blank\" rel=\"noopener\">Guils Fontanera<\/a> \u2013 und noch viele andere Aktivit\u00e4ten.<\/p>\n\n\n\n<p>Die Costa Brava ist auch ein wahres Paradies f\u00fcr Liebhaber des Meeres und des Abenteuersports. Die mehr als 200 km langen Str\u00e4nde machen diese kleine Mittelmeerecke zum perfekten Ort f\u00fcr eine Vielzahl an Wassersportarten. Gironas Campingpl\u00e4tze mit dem Kennzeichen Water Sport Friendly sind perfekt f\u00fcr alle Wassersportfans. Hier k\u00f6nnen Sie Ferien am Meer verbringen und Wassersport an den idyllischen Str\u00e4nden der Costa Brava treiben.<\/p>\n\n\n\n<p>Au\u00dferdem gibt es an der Costa Brava herrliche <strong>Golfpl\u00e4tze und Pitch&amp;Putt\u2019s inmitten einer unvergleichlichen Naturlandschaft<\/strong>. M\u00f6chten Sie gerne mit Blick auf das Montgr\u00ed-Massiv oder die schneebedeckten Pyren\u00e4en spielen? In der Umgebung von Girona ist das m\u00f6glich.<\/p>\n","protected":false},"excerpt":{"rendered":"<p>Diese Campingpl\u00e4tze garantieren einen Urlaub inmitten der Natur und bieten zahlreiche auf Abenteuer oder Natur ausgerichtete Aktivit\u00e4ten an der frischen Luft. Buchen Sie jetzt Ihren Urlaub auf einem Campingplatz mit dem Kennzeichen Sports! Erfreuen Sie sich an Wander- und Fahrradwegen, Kajaktouren, Rundfl\u00fcgen oder Ausritten und im Winter an Skifahren, Langlauf oder Schneeschuhwanderungen \u2013 La Masella, [&hellip;]<\/p>\n","protected":false},"author":1,"featured_media":103702,"parent":15905,"menu_order":0,"comment_status":"closed","ping_status":"closed","template":"template-experiencia.php","meta":{"_acf_changed":false,"footnotes":""},"class_list":["post-103710","page","type-page","status-publish","has-post-thumbnail","hentry"],"acf":[],"_links":{"self":[{"href":"https:\/\/cgirona.itemvirtual.net\/de\/wp-json\/wp\/v2\/pages\/103710","targetHints":{"allow":["GET"]}}],"collection":[{"href":"https:\/\/cgirona.itemvirtual.net\/de\/wp-json\/wp\/v2\/pages"}],"about":[{"href":"https:\/\/cgirona.itemvirtual.net\/de\/wp-json\/wp\/v2\/types\/page"}],"author":[{"embeddable":true,"href":"https:\/\/cgirona.itemvirtual.net\/de\/wp-json\/wp\/v2\/users\/1"}],"replies":[{"embeddable":true,"href":"https:\/\/cgirona.itemvirtual.net\/de\/wp-json\/wp\/v2\/comments?post=103710"}],"version-history":[{"count":5,"href":"https:\/\/cgirona.itemvirtual.net\/de\/wp-json\/wp\/v2\/pages\/103710\/revisions"}],"predecessor-version":[{"id":103871,"href":"https:\/\/cgirona.itemvirtual.net\/de\/wp-json\/wp\/v2\/pages\/103710\/revisions\/103871"}],"up":[{"embeddable":true,"href":"https:\/\/cgirona.itemvirtual.net\/de\/wp-json\/wp\/v2\/pages\/15905"}],"wp:featuredmedia":[{"embeddable":true,"href":"https:\/\/cgirona.itemvirtual.net\/de\/wp-json\/wp\/v2\/media\/103702"}],"wp:attachment":[{"href":"https:\/\/cgirona.itemvirtual.net\/de\/wp-json\/wp\/v2\/media?parent=103710"}],"curies":[{"name":"wp","href":"https:\/\/api.w.org\/{rel}","templated":true}]}}