{"id":12270,"date":"2021-02-18T14:42:38","date_gmt":"2021-02-18T14:42:38","guid":{"rendered":"https:\/\/campingsingirona.com\/?page_id=12270"},"modified":"2021-04-19T21:04:33","modified_gmt":"2021-04-19T21:04:33","slug":"punts-accessibles","status":"publish","type":"page","link":"https:\/\/cgirona.itemvirtual.net\/ca\/punts-interes\/punts-accessibles\/","title":{"rendered":"Punts accesibles"},"content":{"rendered":"\n<p class=\"has-text-align-center\">Diversi\u00f3 sense l\u00edmits! La Costa Brava i els Pirineus disposa de molts punts accessibles per a persones amb mobilitat redu\u00efda, a m\u00e9s de serveis especials en platges, camins, museus, entre d&#8217;altres. Si est\u00e0s buscant activitats accessibles, aqu\u00ed te les presentem totes!<\/p>\n","protected":false},"excerpt":{"rendered":"<p>Diversi\u00f3 sense l\u00edmits! La Costa Brava i els Pirineus disposa de molts punts accessibles per a persones amb mobilitat redu\u00efda, a m\u00e9s de serveis especials en platges, camins, museus, entre d&#8217;altres. Si est\u00e0s buscant activitats accessibles, aqu\u00ed te les presentem totes!<\/p>\n","protected":false},"author":1,"featured_media":15803,"parent":12195,"menu_order":0,"comment_status":"closed","ping_status":"closed","template":"template-tipo-destino.php","meta":{"_acf_changed":false,"footnotes":""},"class_list":["post-12270","page","type-page","status-publish","has-post-thumbnail","hentry"],"acf":[],"_links":{"self":[{"href":"https:\/\/cgirona.itemvirtual.net\/ca\/wp-json\/wp\/v2\/pages\/12270","targetHints":{"allow":["GET"]}}],"collection":[{"href":"https:\/\/cgirona.itemvirtual.net\/ca\/wp-json\/wp\/v2\/pages"}],"about":[{"href":"https:\/\/cgirona.itemvirtual.net\/ca\/wp-json\/wp\/v2\/types\/page"}],"author":[{"embeddable":true,"href":"https:\/\/cgirona.itemvirtual.net\/ca\/wp-json\/wp\/v2\/users\/1"}],"replies":[{"embeddable":true,"href":"https:\/\/cgirona.itemvirtual.net\/ca\/wp-json\/wp\/v2\/comments?post=12270"}],"version-history":[{"count":5,"href":"https:\/\/cgirona.itemvirtual.net\/ca\/wp-json\/wp\/v2\/pages\/12270\/revisions"}],"predecessor-version":[{"id":16777,"href":"https:\/\/cgirona.itemvirtual.net\/ca\/wp-json\/wp\/v2\/pages\/12270\/revisions\/16777"}],"up":[{"embeddable":true,"href":"https:\/\/cgirona.itemvirtual.net\/ca\/wp-json\/wp\/v2\/pages\/12195"}],"wp:featuredmedia":[{"embeddable":true,"href":"https:\/\/cgirona.itemvirtual.net\/ca\/wp-json\/wp\/v2\/media\/15803"}],"wp:attachment":[{"href":"https:\/\/cgirona.itemvirtual.net\/ca\/wp-json\/wp\/v2\/media?parent=12270"}],"curies":[{"name":"wp","href":"https:\/\/api.w.org\/{rel}","templated":true}]}}