{"id":12012,"date":"2021-02-15T23:18:25","date_gmt":"2021-02-15T23:18:25","guid":{"rendered":"https:\/\/campingsingirona.com\/?page_id=12012"},"modified":"2021-04-13T19:14:20","modified_gmt":"2021-04-13T19:14:20","slug":"wheelchair-friendly","status":"publish","type":"page","link":"https:\/\/cgirona.itemvirtual.net\/ca\/experiencies\/wheelchair-friendly\/","title":{"rendered":"Wheelchair Friendly"},"content":{"rendered":"\n<h2 class=\"wp-block-heading\">C\u00e0mpings per a tots<\/h2>\n\n\n\n<p>Si est\u00e0s buscant un c\u00e0mping accessible a la Costa Brava o als Pirineus, lliure de barreres arquitect\u00f2niques i amb serveis exclusius per a persones amb mobilitat redu\u00efda; et recomanem escollir un c\u00e0mping que compti amb el segell Wheelchair Friendly. Gr\u00e0cies a aquesta ins\u00edgnia, identificar\u00e0s amb facilitat els c\u00e0mpings accessibles de les comarques de Girona que faciliten als campistes amb discapacitat, unes vacances sense l\u00edmits i amb serveis i activitats inclusives.<\/p>\n\n\n\n<p>Els c\u00e0mpings Wheelchair Friendly compleixen amb els requisits d&#8217;accessibilitat, eliminant qualsevol barrera arquitect\u00f2nica, alhora que ofereixen serveis dissenyats per millorar l&#8217;estada de les persones amb mobilitat redu\u00efda. Alguns d&#8217;aquests serveis s\u00f3n piscines amb rampes d&#8217;acc\u00e9s o cadires hidr\u00e0uliques, rampes per accedir als allotjaments i les zones comunes, activitats d&#8217;animaci\u00f3 en clau inclusiva, entre moltes altres facilitats.<\/p>\n\n\n\n<p>A m\u00e9s, alguns dels c\u00e0mpings posen a la disposici\u00f3 dels campistes propostes d&#8217;activitats accessibles per a realitzar al territori, a m\u00e9s de material com bicicletes per a persones amb discapacitat, entre d&#8217;altres.<\/p>\n","protected":false},"excerpt":{"rendered":"<p>C\u00e0mpings per a tots Si est\u00e0s buscant un c\u00e0mping accessible a la Costa Brava o als Pirineus, lliure de barreres arquitect\u00f2niques i amb serveis exclusius per a persones amb mobilitat redu\u00efda; et recomanem escollir un c\u00e0mping que compti amb el segell Wheelchair Friendly. Gr\u00e0cies a aquesta ins\u00edgnia, identificar\u00e0s amb facilitat els c\u00e0mpings accessibles de les [&hellip;]<\/p>\n","protected":false},"author":1,"featured_media":16204,"parent":11900,"menu_order":0,"comment_status":"closed","ping_status":"closed","template":"template-experiencia.php","meta":{"_acf_changed":false,"footnotes":""},"class_list":["post-12012","page","type-page","status-publish","has-post-thumbnail","hentry"],"acf":[],"_links":{"self":[{"href":"https:\/\/cgirona.itemvirtual.net\/ca\/wp-json\/wp\/v2\/pages\/12012","targetHints":{"allow":["GET"]}}],"collection":[{"href":"https:\/\/cgirona.itemvirtual.net\/ca\/wp-json\/wp\/v2\/pages"}],"about":[{"href":"https:\/\/cgirona.itemvirtual.net\/ca\/wp-json\/wp\/v2\/types\/page"}],"author":[{"embeddable":true,"href":"https:\/\/cgirona.itemvirtual.net\/ca\/wp-json\/wp\/v2\/users\/1"}],"replies":[{"embeddable":true,"href":"https:\/\/cgirona.itemvirtual.net\/ca\/wp-json\/wp\/v2\/comments?post=12012"}],"version-history":[{"count":5,"href":"https:\/\/cgirona.itemvirtual.net\/ca\/wp-json\/wp\/v2\/pages\/12012\/revisions"}],"predecessor-version":[{"id":16212,"href":"https:\/\/cgirona.itemvirtual.net\/ca\/wp-json\/wp\/v2\/pages\/12012\/revisions\/16212"}],"up":[{"embeddable":true,"href":"https:\/\/cgirona.itemvirtual.net\/ca\/wp-json\/wp\/v2\/pages\/11900"}],"wp:featuredmedia":[{"embeddable":true,"href":"https:\/\/cgirona.itemvirtual.net\/ca\/wp-json\/wp\/v2\/media\/16204"}],"wp:attachment":[{"href":"https:\/\/cgirona.itemvirtual.net\/ca\/wp-json\/wp\/v2\/media?parent=12012"}],"curies":[{"name":"wp","href":"https:\/\/api.w.org\/{rel}","templated":true}]}}