{"id":12006,"date":"2021-02-15T23:17:23","date_gmt":"2021-02-15T23:17:23","guid":{"rendered":"https:\/\/campingsingirona.com\/?page_id=12006"},"modified":"2021-04-29T08:05:32","modified_gmt":"2021-04-29T08:05:32","slug":"bed-bike","status":"publish","type":"page","link":"https:\/\/cgirona.itemvirtual.net\/ca\/experiencies\/bed-bike\/","title":{"rendered":"Bed&#038;Bike"},"content":{"rendered":"\n<h2 class=\"wp-block-heading\">El plaer de viatjar en bicicleta<\/h2>\n\n\n\n<p>La Costa Brava i els Pirineus, s\u00f3n la destinaci\u00f3 de refer\u00e8ncia per a ciclistes de tot el m\u00f3n. Aix\u00f2 es deu a la gran riquesa paisatg\u00edstica, els camins i les carreteres que semblen esculpides expressament per a la pr\u00e0ctica d&#8217;aquest esport. Aqu\u00ed van algunes de les rutes m\u00e9s populars:<\/p>\n\n\n\n<ul class=\"wp-block-list\"><li><a href=\"https:\/\/www.viesverdes.cat\/es\/\" target=\"_blank\" rel=\"noopener\">Vies Verdes de Catalunya.<\/a><\/li><li><a href=\"https:\/\/www.catalunya.com\/vias-verdes-ruta-pirinexus-24-1-527094?language=es\" target=\"_blank\" rel=\"noopener\">Ruta Pirinexus de Catalunya<\/a><\/li><li><a href=\"https:\/\/en.eurovelo.com\/\" target=\"_blank\" rel=\"noopener\">Pirineos EuroVelo 8.<\/a><\/li><li><a href=\"https:\/\/www.ciclisme.cat\/\" target=\"_blank\" rel=\"noopener\">Generales Ciclismo Ruta Campings.<\/a><\/li><li><a href=\"http:\/\/www.gironabikerides.com\/tria-la-teva-ruta\/?lang=es\" target=\"_blank\" rel=\"noopener\">Crea la teva ruta a mida.<\/a><\/li><\/ul>\n\n\n\n<p>Si est\u00e0s pensant en organitzar una ruta en bicicleta per la Costa Brava o els Pirineus, els c\u00e0mpings de Girona amb el segell Bed &amp; Bike Friendly t&#8217;oferiran serveis d&#8217;allotjament especialitzats per ciclistes. Entre aquests, hi trobar\u00e0s: armaris destinats a guardar les bicicletes, eines per ajustar les peces de la bici, canvi de pneum\u00e0tics, \u00e0rea d&#8217;assecatge de roba, excursions guiades, lloguer de bicicletes o rutes per la zona. A m\u00e9s, si est\u00e0s fent un itinerari en bicicleta per diferents punts del territori, els C\u00e0mpings de Girona amb el segell Bed &amp; Bike Friendly t&#8217;oferiran la possibilitat de reservar una \u00fanica nit.<\/p>\n\n\n\n<p>Gaudeix d&#8217;una gran experi\u00e8ncia ciclista a les comarques de Girona, amb els c\u00e0mpings que trobar\u00e0s al llarg de tota la costa o a l&#8217;interior del territori. Si ets amant del ciclisme de carretera et recomanem fer rutes cap als ports de muntanya dels Pirineus, la ruta pels pobles medievals de la Costa Brava, les incre\u00efbles vistes de la carretera del Monestir de Sant Pere de Rodes o la infinitat de rutes que podr\u00e0s trobar prop de la capital del ciclisme, la ciutat de Girona. I per als amants de la BTT, us recomanem pedalejar per l&#8217;Estany de Banyoles o per les Vies Verdes que recorren quil\u00f2metres i quil\u00f2metres de naturalesa entre la Costa Brava i els Pirineus. <\/p>\n\n\n\n<p>Et perdr\u00e0s aquest bonic espectacle?<\/p>\n","protected":false},"excerpt":{"rendered":"<p>El plaer de viatjar en bicicleta La Costa Brava i els Pirineus, s\u00f3n la destinaci\u00f3 de refer\u00e8ncia per a ciclistes de tot el m\u00f3n. Aix\u00f2 es deu a la gran riquesa paisatg\u00edstica, els camins i les carreteres que semblen esculpides expressament per a la pr\u00e0ctica d&#8217;aquest esport. Aqu\u00ed van algunes de les rutes m\u00e9s populars: [&hellip;]<\/p>\n","protected":false},"author":1,"featured_media":16186,"parent":11900,"menu_order":0,"comment_status":"closed","ping_status":"closed","template":"template-experiencia.php","meta":{"_acf_changed":false,"footnotes":""},"class_list":["post-12006","page","type-page","status-publish","has-post-thumbnail","hentry"],"acf":[],"_links":{"self":[{"href":"https:\/\/cgirona.itemvirtual.net\/ca\/wp-json\/wp\/v2\/pages\/12006","targetHints":{"allow":["GET"]}}],"collection":[{"href":"https:\/\/cgirona.itemvirtual.net\/ca\/wp-json\/wp\/v2\/pages"}],"about":[{"href":"https:\/\/cgirona.itemvirtual.net\/ca\/wp-json\/wp\/v2\/types\/page"}],"author":[{"embeddable":true,"href":"https:\/\/cgirona.itemvirtual.net\/ca\/wp-json\/wp\/v2\/users\/1"}],"replies":[{"embeddable":true,"href":"https:\/\/cgirona.itemvirtual.net\/ca\/wp-json\/wp\/v2\/comments?post=12006"}],"version-history":[{"count":5,"href":"https:\/\/cgirona.itemvirtual.net\/ca\/wp-json\/wp\/v2\/pages\/12006\/revisions"}],"predecessor-version":[{"id":16196,"href":"https:\/\/cgirona.itemvirtual.net\/ca\/wp-json\/wp\/v2\/pages\/12006\/revisions\/16196"}],"up":[{"embeddable":true,"href":"https:\/\/cgirona.itemvirtual.net\/ca\/wp-json\/wp\/v2\/pages\/11900"}],"wp:featuredmedia":[{"embeddable":true,"href":"https:\/\/cgirona.itemvirtual.net\/ca\/wp-json\/wp\/v2\/media\/16186"}],"wp:attachment":[{"href":"https:\/\/cgirona.itemvirtual.net\/ca\/wp-json\/wp\/v2\/media?parent=12006"}],"curies":[{"name":"wp","href":"https:\/\/api.w.org\/{rel}","templated":true}]}}