{"id":11994,"date":"2021-02-15T23:15:33","date_gmt":"2021-02-15T23:15:33","guid":{"rendered":"https:\/\/campingsingirona.com\/?page_id=11994"},"modified":"2021-08-03T05:43:20","modified_gmt":"2021-08-03T05:43:20","slug":"wellness","status":"publish","type":"page","link":"https:\/\/cgirona.itemvirtual.net\/ca\/experiencies\/wellness\/","title":{"rendered":"Wellness"},"content":{"rendered":"\n<h2 class=\"wp-block-heading\">C\u00e0mpings tranquils a Girona<\/h2>\n\n\n\n<p>Sota el Segell Wellnes, els C\u00e0mpings de Girona amb aquesta identificaci\u00f3, se centren en la salut i el benestar dels clients oferint <strong>serveis i tractaments wellbeing<\/strong>. Descobreix l&#8217;ampli ventall de serveis d&#8217;aquests c\u00e0mpings on podr\u00e0s gaudir des d&#8217;instal\u00b7lacions amb <strong>Spa, jacuzzis, saunes, piscines climatitzades i massatges<\/strong>; a <strong>classes de ioga<\/strong> o <strong>meditaci\u00f3<\/strong> i <strong>sessions d&#8217;ayurveda<\/strong> a la platja.<\/p>\n\n\n\n<p>Actualment, trobar\u00e0s <strong>5 c\u00e0mpings Wellness<\/strong> amb serveis exclusius de salut i benestar. Tots ells situats en un magn\u00edfic entorn que et transportar\u00e0 a un oasi de desconnexi\u00f3 per alliberar-te de les teves preocupacions di\u00e0ries i a reconnectar amb la teva pau interior.<\/p>\n","protected":false},"excerpt":{"rendered":"<p>C\u00e0mpings tranquils a Girona Sota el Segell Wellnes, els C\u00e0mpings de Girona amb aquesta identificaci\u00f3, se centren en la salut i el benestar dels clients oferint serveis i tractaments wellbeing. Descobreix l&#8217;ampli ventall de serveis d&#8217;aquests c\u00e0mpings on podr\u00e0s gaudir des d&#8217;instal\u00b7lacions amb Spa, jacuzzis, saunes, piscines climatitzades i massatges; a classes de ioga o [&hellip;]<\/p>\n","protected":false},"author":1,"featured_media":18574,"parent":11900,"menu_order":0,"comment_status":"closed","ping_status":"closed","template":"template-experiencia.php","meta":{"_acf_changed":false,"footnotes":""},"class_list":["post-11994","page","type-page","status-publish","has-post-thumbnail","hentry"],"acf":[],"_links":{"self":[{"href":"https:\/\/cgirona.itemvirtual.net\/ca\/wp-json\/wp\/v2\/pages\/11994","targetHints":{"allow":["GET"]}}],"collection":[{"href":"https:\/\/cgirona.itemvirtual.net\/ca\/wp-json\/wp\/v2\/pages"}],"about":[{"href":"https:\/\/cgirona.itemvirtual.net\/ca\/wp-json\/wp\/v2\/types\/page"}],"author":[{"embeddable":true,"href":"https:\/\/cgirona.itemvirtual.net\/ca\/wp-json\/wp\/v2\/users\/1"}],"replies":[{"embeddable":true,"href":"https:\/\/cgirona.itemvirtual.net\/ca\/wp-json\/wp\/v2\/comments?post=11994"}],"version-history":[{"count":5,"href":"https:\/\/cgirona.itemvirtual.net\/ca\/wp-json\/wp\/v2\/pages\/11994\/revisions"}],"predecessor-version":[{"id":21324,"href":"https:\/\/cgirona.itemvirtual.net\/ca\/wp-json\/wp\/v2\/pages\/11994\/revisions\/21324"}],"up":[{"embeddable":true,"href":"https:\/\/cgirona.itemvirtual.net\/ca\/wp-json\/wp\/v2\/pages\/11900"}],"wp:featuredmedia":[{"embeddable":true,"href":"https:\/\/cgirona.itemvirtual.net\/ca\/wp-json\/wp\/v2\/media\/18574"}],"wp:attachment":[{"href":"https:\/\/cgirona.itemvirtual.net\/ca\/wp-json\/wp\/v2\/media?parent=11994"}],"curies":[{"name":"wp","href":"https:\/\/api.w.org\/{rel}","templated":true}]}}