{"id":11918,"date":"2021-02-15T23:14:15","date_gmt":"2021-02-15T23:14:15","guid":{"rendered":"https:\/\/campingsingirona.com\/?page_id=11918"},"modified":"2023-08-01T12:07:29","modified_gmt":"2023-08-01T12:07:29","slug":"vinicultural","status":"publish","type":"page","link":"https:\/\/cgirona.itemvirtual.net\/ca\/experiencies\/vinicultural\/","title":{"rendered":"Land of Wines"},"content":{"rendered":"\n<h2 class=\"wp-block-heading\">Una terra de vins i vinyes<\/h2>\n\n\n\n<p>L&#8217;Empord\u00e0 \u00e9s la zona vin\u00edcola per excel\u00b7l\u00e8ncia de la Costa Brava i un rac\u00f3 de gran bellesa paisatg\u00edstica marcat pel car\u00e0cter de la Tramuntana, el vent m\u00e9s caracter\u00edstic de la zona. Gr\u00e0cies al Segell Land of Wines, podr\u00e0s trobar <strong>c\u00e0mpings que promouen la cultura del vi de l&#8217;Empord\u00e0<\/strong> a trav\u00e9s de la venda de vins locals, visites guiades als cellers i les vinyes, tastos de vins D.O Empord\u00e0 al restaurant del c\u00e0mping i molt m\u00e9s.<\/p>\n\n\n\n<p>En l&#8217;actualitat la D.O Empord\u00e0 representa un total de <strong>44 cellers de petits i mitjans productors locals <\/strong>que elaboren vins inspirats en l&#8217;encant d&#8217;un territori excepcional.<\/p>\n\n\n\n<p>Pel que fa als c\u00e0mpings, el segell Land of Wines, representa un total de cinc c\u00e0mpings entre els quals trobem el C\u00e0mping Begur, situat al cor de la Costa Brava i prop del celler Mas Oller; el C\u00e0mping Cadaqu\u00e9s, ubicat en un dels pobles m\u00e9s bonics de la Costa Brava i al costat del Celler Mart\u00ed Faix\u00f3 que compta amb vinyes amb espectaculars vistes a la mar; el C\u00e0mping Port de la Selva que es troba prop del majestu\u00f3s monestir de Sant Pere de Rodes i el celler Mas Estela; i finalment el C\u00e0mping Jonca Mar a Roses, que ofereix tasts de vins locals durant tot l&#8217;any. <\/p>\n\n\n\n<p>Us apunteu a brindar amb un bon vi de la DO Empord\u00e0?<\/p>\n","protected":false},"excerpt":{"rendered":"<p>Una terra de vins i vinyes L&#8217;Empord\u00e0 \u00e9s la zona vin\u00edcola per excel\u00b7l\u00e8ncia de la Costa Brava i un rac\u00f3 de gran bellesa paisatg\u00edstica marcat pel car\u00e0cter de la Tramuntana, el vent m\u00e9s caracter\u00edstic de la zona. Gr\u00e0cies al Segell Land of Wines, podr\u00e0s trobar c\u00e0mpings que promouen la cultura del vi de l&#8217;Empord\u00e0 a [&hellip;]<\/p>\n","protected":false},"author":1,"featured_media":16156,"parent":11900,"menu_order":0,"comment_status":"closed","ping_status":"closed","template":"template-experiencia.php","meta":{"_acf_changed":false,"footnotes":""},"class_list":["post-11918","page","type-page","status-publish","has-post-thumbnail","hentry"],"acf":[],"_links":{"self":[{"href":"https:\/\/cgirona.itemvirtual.net\/ca\/wp-json\/wp\/v2\/pages\/11918","targetHints":{"allow":["GET"]}}],"collection":[{"href":"https:\/\/cgirona.itemvirtual.net\/ca\/wp-json\/wp\/v2\/pages"}],"about":[{"href":"https:\/\/cgirona.itemvirtual.net\/ca\/wp-json\/wp\/v2\/types\/page"}],"author":[{"embeddable":true,"href":"https:\/\/cgirona.itemvirtual.net\/ca\/wp-json\/wp\/v2\/users\/1"}],"replies":[{"embeddable":true,"href":"https:\/\/cgirona.itemvirtual.net\/ca\/wp-json\/wp\/v2\/comments?post=11918"}],"version-history":[{"count":5,"href":"https:\/\/cgirona.itemvirtual.net\/ca\/wp-json\/wp\/v2\/pages\/11918\/revisions"}],"predecessor-version":[{"id":103671,"href":"https:\/\/cgirona.itemvirtual.net\/ca\/wp-json\/wp\/v2\/pages\/11918\/revisions\/103671"}],"up":[{"embeddable":true,"href":"https:\/\/cgirona.itemvirtual.net\/ca\/wp-json\/wp\/v2\/pages\/11900"}],"wp:featuredmedia":[{"embeddable":true,"href":"https:\/\/cgirona.itemvirtual.net\/ca\/wp-json\/wp\/v2\/media\/16156"}],"wp:attachment":[{"href":"https:\/\/cgirona.itemvirtual.net\/ca\/wp-json\/wp\/v2\/media?parent=11918"}],"curies":[{"name":"wp","href":"https:\/\/api.w.org\/{rel}","templated":true}]}}