{"id":11916,"date":"2021-02-15T23:10:01","date_gmt":"2021-02-15T23:10:01","guid":{"rendered":"https:\/\/campingsingirona.com\/?page_id=11916"},"modified":"2021-04-14T08:40:42","modified_gmt":"2021-04-14T08:40:42","slug":"glamping","status":"publish","type":"page","link":"https:\/\/cgirona.itemvirtual.net\/ca\/experiencies\/glamping\/","title":{"rendered":"Glamping"},"content":{"rendered":"\n<h2 class=\"wp-block-heading\">C\u00e0mpings de luxe a Girona<\/h2>\n\n\n\n<p>Gr\u00e0cies a la variada oferta de c\u00e0mpings amb el segell Glamping Friendly, podr\u00e0s gaudir d&#8217;unes vacances envoltades de la bellesa natural que caracteritza la Costa Brava i els Pirineus, sense renunciar a la comoditat. L&#8217;evoluci\u00f3 del sector campista ha perm\u00e8s incorporar nous tipus d&#8217;allotjaments que amb el pas del temps s&#8217;han anat adaptant als campistes m\u00e9s exigents que volen gaudir de l&#8217;aire lliure i l&#8217;entorn natural dels c\u00e0mpings, sense renunciar a la comoditat i el luxe.<\/p>\n\n\n\n<p>Els C\u00e0mpings de Girona ofereixen un total de setze c\u00e0mpings de luxe certificats amb el Segell Glaming, que et regalaran unes vacances inoblidables en el magn\u00edfic entorn de la Costa Brava i els Pirineus. Alguns d&#8217;aquests c\u00e0mpings, a part de c\u00f2modes allotjaments, tamb\u00e9 ofereixen activitats com el lloguer de bicicletes el\u00e8ctriques, spa, serveis d&#8217;est\u00e8tica, camps de golf, casinos, concerts i molt m\u00e9s.<\/p>\n\n\n\n<p>Amb els c\u00e0mpings Glaming ja no tens excusa per sortir a gaudir del magn\u00edfic entorn natural de la Costa Brava i els Pirineus. Els allotjaments Glamping amb serveis exclusius et faran sentir com a casa.<\/p>\n","protected":false},"excerpt":{"rendered":"<p>C\u00e0mpings de luxe a Girona Gr\u00e0cies a la variada oferta de c\u00e0mpings amb el segell Glamping Friendly, podr\u00e0s gaudir d&#8217;unes vacances envoltades de la bellesa natural que caracteritza la Costa Brava i els Pirineus, sense renunciar a la comoditat. L&#8217;evoluci\u00f3 del sector campista ha perm\u00e8s incorporar nous tipus d&#8217;allotjaments que amb el pas del temps [&hellip;]<\/p>\n","protected":false},"author":1,"featured_media":16149,"parent":11900,"menu_order":0,"comment_status":"closed","ping_status":"closed","template":"template-experiencia.php","meta":{"_acf_changed":false,"footnotes":""},"class_list":["post-11916","page","type-page","status-publish","has-post-thumbnail","hentry"],"acf":[],"_links":{"self":[{"href":"https:\/\/cgirona.itemvirtual.net\/ca\/wp-json\/wp\/v2\/pages\/11916","targetHints":{"allow":["GET"]}}],"collection":[{"href":"https:\/\/cgirona.itemvirtual.net\/ca\/wp-json\/wp\/v2\/pages"}],"about":[{"href":"https:\/\/cgirona.itemvirtual.net\/ca\/wp-json\/wp\/v2\/types\/page"}],"author":[{"embeddable":true,"href":"https:\/\/cgirona.itemvirtual.net\/ca\/wp-json\/wp\/v2\/users\/1"}],"replies":[{"embeddable":true,"href":"https:\/\/cgirona.itemvirtual.net\/ca\/wp-json\/wp\/v2\/comments?post=11916"}],"version-history":[{"count":5,"href":"https:\/\/cgirona.itemvirtual.net\/ca\/wp-json\/wp\/v2\/pages\/11916\/revisions"}],"predecessor-version":[{"id":16333,"href":"https:\/\/cgirona.itemvirtual.net\/ca\/wp-json\/wp\/v2\/pages\/11916\/revisions\/16333"}],"up":[{"embeddable":true,"href":"https:\/\/cgirona.itemvirtual.net\/ca\/wp-json\/wp\/v2\/pages\/11900"}],"wp:featuredmedia":[{"embeddable":true,"href":"https:\/\/cgirona.itemvirtual.net\/ca\/wp-json\/wp\/v2\/media\/16149"}],"wp:attachment":[{"href":"https:\/\/cgirona.itemvirtual.net\/ca\/wp-json\/wp\/v2\/media?parent=11916"}],"curies":[{"name":"wp","href":"https:\/\/api.w.org\/{rel}","templated":true}]}}