{"id":103688,"date":"2023-08-01T12:22:50","date_gmt":"2023-08-01T12:22:50","guid":{"rendered":"https:\/\/campingsingirona.com\/?page_id=103688"},"modified":"2023-08-03T10:47:36","modified_gmt":"2023-08-03T10:47:36","slug":"sports","status":"publish","type":"page","link":"https:\/\/cgirona.itemvirtual.net\/ca\/experiencies\/sports\/","title":{"rendered":"Sports"},"content":{"rendered":"\n<p>Aquests <em>c\u00e0mpings<\/em> garanteixen unes vacances envoltades de naturalesa i moltes facilitats per practicar qualsevol mena d\u2019activitat a l\u2019aire lliure, ja siguin d\u2019aventura o de gaudi de la naturalesa. Si decideixes allotjar-te en un <em>c\u00e0mping<\/em> Sports, no parar\u00e0s quiet! Gaudeix amb les rutes de senderisme, ciclisme, kayak, vols en globus, excursions a cavall o esqu\u00ed alp\u00ed, esqu\u00ed n\u00f2rdic o raquetes de neu en les estacions hivernals d&#8217;esqu\u00ed &#8211; La&nbsp; Masella, La Molina, Vallter 2000, Vall de N\u00faria i Guils Fontanera &#8211; entre moltes altres activitats.<\/p>\n\n\n\n<p>La Costa Brava \u00e9s tamb\u00e9 un parad\u00eds fant\u00e0stic per als amants de la mar i els esports d\u2019aventura. M\u00e9s de 200 km de platges i cales fan d\u2019aquest petit rac\u00f3 del Mediterrani un enclavament perfecte per gaudir de gran varietat d\u2019esports aqu\u00e0tics. Per aquesta ra\u00f3, els c\u00e0mpings de Girona destacats amb el segell Water Sport, marquen als c\u00e0mpings apassionats pels esports aqu\u00e0tics. En ells podr\u00e0s gaudir d\u2019unes vacances al costat de la mar mentre practiques el teu esport preferit en les id\u00edl\u00b7liques platges de la Costa Brava.<\/p>\n\n\n\n<p>A m\u00e9s, a la Costa Brava podr\u00e0s trobar magn\u00edfics camps de golf i <strong>Pitch &amp; Putt<\/strong> envoltats de naturalesa amb paisatges incre\u00efbles. T\u2019imagines jugar amb el Montgr\u00ed o els Pirineus nevats de fons? En les comarques de Girona \u00e9s possible!<\/p>\n","protected":false},"excerpt":{"rendered":"<p>Aquests c\u00e0mpings garanteixen unes vacances envoltades de naturalesa i moltes facilitats per practicar qualsevol mena d\u2019activitat a l\u2019aire lliure, ja siguin d\u2019aventura o de gaudi de la naturalesa. Si decideixes allotjar-te en un c\u00e0mping Sports, no parar\u00e0s quiet! Gaudeix amb les rutes de senderisme, ciclisme, kayak, vols en globus, excursions a cavall o esqu\u00ed alp\u00ed, [&hellip;]<\/p>\n","protected":false},"author":1,"featured_media":103698,"parent":11900,"menu_order":0,"comment_status":"closed","ping_status":"closed","template":"template-experiencia.php","meta":{"_acf_changed":false,"footnotes":""},"class_list":["post-103688","page","type-page","status-publish","has-post-thumbnail","hentry"],"acf":[],"_links":{"self":[{"href":"https:\/\/cgirona.itemvirtual.net\/ca\/wp-json\/wp\/v2\/pages\/103688","targetHints":{"allow":["GET"]}}],"collection":[{"href":"https:\/\/cgirona.itemvirtual.net\/ca\/wp-json\/wp\/v2\/pages"}],"about":[{"href":"https:\/\/cgirona.itemvirtual.net\/ca\/wp-json\/wp\/v2\/types\/page"}],"author":[{"embeddable":true,"href":"https:\/\/cgirona.itemvirtual.net\/ca\/wp-json\/wp\/v2\/users\/1"}],"replies":[{"embeddable":true,"href":"https:\/\/cgirona.itemvirtual.net\/ca\/wp-json\/wp\/v2\/comments?post=103688"}],"version-history":[{"count":5,"href":"https:\/\/cgirona.itemvirtual.net\/ca\/wp-json\/wp\/v2\/pages\/103688\/revisions"}],"predecessor-version":[{"id":103867,"href":"https:\/\/cgirona.itemvirtual.net\/ca\/wp-json\/wp\/v2\/pages\/103688\/revisions\/103867"}],"up":[{"embeddable":true,"href":"https:\/\/cgirona.itemvirtual.net\/ca\/wp-json\/wp\/v2\/pages\/11900"}],"wp:featuredmedia":[{"embeddable":true,"href":"https:\/\/cgirona.itemvirtual.net\/ca\/wp-json\/wp\/v2\/media\/103698"}],"wp:attachment":[{"href":"https:\/\/cgirona.itemvirtual.net\/ca\/wp-json\/wp\/v2\/media?parent=103688"}],"curies":[{"name":"wp","href":"https:\/\/api.w.org\/{rel}","templated":true}]}}